{"id":2433,"date":"2020-10-29T15:26:35","date_gmt":"2020-10-29T14:26:35","guid":{"rendered":"https:\/\/berglodgegoms.ch\/?page_id=2433"},"modified":"2025-07-10T11:03:49","modified_gmt":"2025-07-10T09:03:49","slug":"chambres","status":"publish","type":"page","link":"https:\/\/berglodgegoms.ch\/fr\/chambres\/","title":{"rendered":"Chambres"},"content":{"rendered":"<div id='av-layout-grid-1'  class='av-layout-grid-container av-kgvz9khv-309ac157bd934a522dbe3d69bf800210 entry-content-wrapper main_color av-flex-cells  avia-builder-el-0  el_before_av_layout_row  avia-builder-el-first  h1-gitterreihe-medium  container_wrap fullsize'  >\n<div class='flex_cell av-f771v-00c925603cb30896413b47da4056834d av-gridrow-cell av_one_full no_margin  avia-builder-el-1  avia-builder-el-no-sibling ' ><div class='flex_cell_inner'><p>\n<style type=\"text\/css\" data-created_by=\"avia_inline_auto\" id=\"style-css-av-kin6k6xf-ef0630478569d79c07ebc62aeba236e2\">\n#top .av-special-heading.av-kin6k6xf-ef0630478569d79c07ebc62aeba236e2{\npadding-bottom:30px;\n}\nbody .av-special-heading.av-kin6k6xf-ef0630478569d79c07ebc62aeba236e2 .av-special-heading-tag .heading-char{\nfont-size:25px;\n}\n.av-special-heading.av-kin6k6xf-ef0630478569d79c07ebc62aeba236e2 .av-subheading{\nfont-size:15px;\n}\n<\/style>\n<div  class='av-special-heading av-kin6k6xf-ef0630478569d79c07ebc62aeba236e2 av-special-heading-h1 blockquote modern-quote  avia-builder-el-2  el_before_av_textblock  avia-builder-el-first '><h1 class='av-special-heading-tag'  itemprop=\"headline\"  >Chambres <\/h1><div class=\"special-heading-border\"><div class=\"special-heading-inner-border\"><\/div><\/div><\/div><br \/>\n<section  class='av_textblock_section av-kgc4lvbl-516d78c7dee99cc54500531ac766df5b '   itemscope=\"itemscope\" itemtype=\"https:\/\/schema.org\/CreativeWork\" ><div class='avia_textblock'  itemprop=\"text\" ><p>Le Berglodge Goms, de construction traditionnelle en rondins de bois, allie une esth\u00e9tique naturelle, le confort et le style. D\u00e9tente et relaxation y seront garanties. Comme pr\u00e9vu, le refuge de montagne Berglodge Goms ouvrira le 1er juin 2021. Des r\u00e9servations sont possibles d\u00e8s maintenant. Nous nous r\u00e9jouissons de vous accueillir dans notre h\u00f4tel.<\/p>\n<\/div><\/section><br \/>\n<\/p>\n<\/div><\/div><\/div><div id='equipement'  class='av-layout-grid-container av-4mthv5-e4fc56f8d9e0680f5b926ca7c99b777a entry-content-wrapper main_color av-flex-cells  avia-builder-el-5  el_after_av_layout_row  el_before_av_hr  gitterreihe-medium grid-row-not-first  container_wrap fullsize'  >\n\n<style type=\"text\/css\" data-created_by=\"avia_inline_auto\" id=\"style-css-av-2blb7l-817f3668bc046a60ed8060cacb0ac7c6\">\n.flex_cell.av-2blb7l-817f3668bc046a60ed8060cacb0ac7c6{\nvertical-align:middle;\n}\n.responsive #top #wrap_all .flex_cell.av-2blb7l-817f3668bc046a60ed8060cacb0ac7c6{\npadding:50px 50px 50px 50px !important;\n}\n<\/style>\n<div class='flex_cell av-2blb7l-817f3668bc046a60ed8060cacb0ac7c6 av-gridrow-cell av_one_full no_margin  avia-builder-el-6  avia-builder-el-no-sibling  flexfirst' ><div class='flex_cell_inner'><section  class='av_textblock_section av-lbqragh4-23076a9df1ab75a1ca976b8f963c06a4 '   itemscope=\"itemscope\" itemtype=\"https:\/\/schema.org\/CreativeWork\" ><div class='avia_textblock'  itemprop=\"text\" ><div>\n<div class=\"av-subheading av-subheading_below \"><\/div>\n<div>\n<div class=\"av-subheading av-subheading_below \">\n<p><strong>Equipement des chambres<\/strong><\/p>\n<\/div>\n<p>Chambre pour personnes allergiques, lits naturels de H\u00fcsler Nest, bureau, armoire, douche de plain-pied, rideaux occultants, balcon priv\u00e9, salle de bain\/WC priv\u00e9s, s\u00e8che-cheveux<\/p>\n<\/div>\n<div>\n<div class=\"av-subheading av-subheading_below \"><\/div>\n<\/div>\n<div>\n<div class=\"av-subheading av-subheading_below \">\n<p><strong>Types de chambres<\/strong><\/p>\n<\/div>\n<p>Toutes les chambres avec vue sur les montagnes ou le quartier environnant.<\/p>\n<\/div>\n<div class=\"av-subheading av-subheading_below \">\n<div><\/div>\n<div class=\"av-subheading av-subheading_below \"><\/div>\n<\/div>\n<\/div>\n<\/div><\/section>\n<\/div><\/div>\n<\/div><div id='after_grid_row_2'  class='main_color av_default_container_wrap container_wrap fullsize'  ><div class='container av-section-cont-open' ><div class='template-page content  av-content-full alpha units'><div class='post-entry post-entry-type-page post-entry-2433'><div class='entry-content-wrapper clearfix'><\/p>\n\n<style type=\"text\/css\" data-created_by=\"avia_inline_auto\" id=\"style-css-av-kgv7ify2-1b7dec4acd7766fd7ad29977936b045c\">\n#top .hr.hr-invisible.av-kgv7ify2-1b7dec4acd7766fd7ad29977936b045c{\nheight:50px;\n}\n<\/style>\n<div  class='hr av-kgv7ify2-1b7dec4acd7766fd7ad29977936b045c hr-invisible  avia-builder-el-8  el_after_av_layout_row  el_before_av_layout_row  avia-builder-el-no-sibling '><span class='hr-inner '><span class=\"hr-inner-style\"><\/span><\/span><\/div>\n<\/div><\/div><\/div><!-- close content main div --><\/div><\/div><div id='av-layout-grid-3'  class='av-layout-grid-container av-kgv194c2-c6bc14c571e0121cd1cde969fe8ef41d entry-content-wrapper main_color av-flex-cells  avia-builder-el-9  el_after_av_hr  avia-builder-el-last  gitterreihe-bilder grid-row-not-first  container_wrap fullsize'  >\n\n<style type=\"text\/css\" data-created_by=\"avia_inline_auto\" id=\"style-css-av-kgv1ayul-424fd1cf355cd62433aa9a881a1f5dc6\">\n.flex_cell.av-kgv1ayul-424fd1cf355cd62433aa9a881a1f5dc6{\nvertical-align:top;\n}\n.responsive #top #wrap_all .flex_cell.av-kgv1ayul-424fd1cf355cd62433aa9a881a1f5dc6{\npadding:0px 0px 0px 0px !important;\n}\n<\/style>\n<div class='flex_cell av-kgv1ayul-424fd1cf355cd62433aa9a881a1f5dc6 av-gridrow-cell av_one_fourth no_margin  avia-builder-el-10  el_before_av_cell_one_fourth  avia-builder-el-first  av-zero-padding' ><div class='flex_cell_inner'><div  class='avia-slideshow av-kgqwnug4-1f07ffdf11b72cd693c0714ea91ff849 avia-slideshow-no scaling av_slideshow avia-fade-slider  avia-builder-el-11  avia-builder-el-no-sibling  av-slideshow-ui av-control-hidden av-no-slider-navigation av-hide-nav-arrows av-slideshow-autoplay av-loop-endless av-loop-manual-endless av-default-height-applied avia-slideshow-1' data-slideshow-options=\"{&quot;animation&quot;:&quot;fade&quot;,&quot;autoplay&quot;:true,&quot;loop_autoplay&quot;:&quot;endless&quot;,&quot;interval&quot;:3,&quot;loop_manual&quot;:&quot;manual-endless&quot;,&quot;autoplay_stopper&quot;:false,&quot;noNavigation&quot;:true,&quot;bg_slider&quot;:false,&quot;transitionSpeed&quot;:1800,&quot;keep_padding&quot;:false,&quot;hoverpause&quot;:false,&quot;show_slide_delay&quot;:0}\"  itemprop=\"image\" itemscope=\"itemscope\" itemtype=\"https:\/\/schema.org\/ImageObject\" ><ul class='avia-slideshow-inner ' style='padding-bottom: 66.666666666667%;'><li  class='avia-slideshow-slide av-kgqwnug4-1f07ffdf11b72cd693c0714ea91ff849__0  av-single-slide slide-1 slide-odd'><div data-rel='slideshow-1' class='avia-slide-wrap '  title='Berglodge Goms \u00e0 M\u00fcnster (Valais) dans la vall\u00e9e de Conches \u2013 durchunddurch echt' ><img loading=\"lazy\" decoding=\"async\" class=\"wp-image-2069 avia-img-lazy-loading-2069\"  src=\"https:\/\/berglodgegoms.ch\/wp-content\/uploads\/Bergloge-Goms-Mu\u0308nster_Ansicht-1.jpg\" width=\"900\" height=\"600\" title='Berglodge Goms \u00e0 M\u00fcnster (Valais) dans la vall\u00e9e de Conches \u2013 durchunddurch echt' alt=''  itemprop=\"thumbnailUrl\" srcset=\"https:\/\/berglodgegoms.ch\/wp-content\/uploads\/Bergloge-Goms-Mu\u0308nster_Ansicht-1.jpg 900w, https:\/\/berglodgegoms.ch\/wp-content\/uploads\/Bergloge-Goms-Mu\u0308nster_Ansicht-1-300x200.jpg 300w, https:\/\/berglodgegoms.ch\/wp-content\/uploads\/Bergloge-Goms-Mu\u0308nster_Ansicht-1-768x512.jpg 768w, https:\/\/berglodgegoms.ch\/wp-content\/uploads\/Bergloge-Goms-Mu\u0308nster_Ansicht-1-705x470.jpg 705w\" sizes=\"auto, (max-width: 900px) 100vw, 900px\" \/><\/div><\/li><\/ul><\/div>\n<\/div><\/div>\n<style type=\"text\/css\" data-created_by=\"avia_inline_auto\" id=\"style-css-av-kgv1b3vn-ffba2587978e1bd9cc788475bfcfc16b\">\n.flex_cell.av-kgv1b3vn-ffba2587978e1bd9cc788475bfcfc16b{\nvertical-align:top;\n}\n.responsive #top #wrap_all .flex_cell.av-kgv1b3vn-ffba2587978e1bd9cc788475bfcfc16b{\npadding:0px 0px 0px 0px !important;\n}\n<\/style>\n<div class='flex_cell av-kgv1b3vn-ffba2587978e1bd9cc788475bfcfc16b av-gridrow-cell av_one_fourth no_margin  avia-builder-el-12  el_after_av_cell_one_fourth  el_before_av_cell_one_fourth  av-zero-padding' ><div class='flex_cell_inner'><div  class='avia-slideshow av-kgqwnug4-11-bc4dc363b3eba2ff012006eb62248899 avia-slideshow-no scaling av_slideshow avia-fade-slider  avia-builder-el-13  avia-builder-el-no-sibling  av-slideshow-ui av-control-hidden av-no-slider-navigation av-hide-nav-arrows av-slideshow-autoplay av-loop-endless av-loop-manual-endless av-default-height-applied avia-slideshow-2' data-slideshow-options=\"{&quot;animation&quot;:&quot;fade&quot;,&quot;autoplay&quot;:true,&quot;loop_autoplay&quot;:&quot;endless&quot;,&quot;interval&quot;:3,&quot;loop_manual&quot;:&quot;manual-endless&quot;,&quot;autoplay_stopper&quot;:false,&quot;noNavigation&quot;:true,&quot;bg_slider&quot;:false,&quot;transitionSpeed&quot;:1800,&quot;keep_padding&quot;:false,&quot;hoverpause&quot;:false,&quot;show_slide_delay&quot;:0}\"  itemprop=\"image\" itemscope=\"itemscope\" itemtype=\"https:\/\/schema.org\/ImageObject\" ><ul class='avia-slideshow-inner ' style='padding-bottom: 66.777777777778%;'><li  class='avia-slideshow-slide av-kgqwnug4-11-bc4dc363b3eba2ff012006eb62248899__0  av-single-slide slide-1 slide-odd'><div data-rel='slideshow-2' class='avia-slide-wrap '  title='Berglodge Goms \u00e0 M\u00fcnster (Valais) \u2013 Un petit h\u00f4tel \u00e0 M\u00fcnster' ><img loading=\"lazy\" decoding=\"async\" class=\"wp-image-2053 avia-img-lazy-loading-2053\"  src=\"https:\/\/berglodgegoms.ch\/wp-content\/uploads\/Berglodge-Goms-Innenraum-02.jpg\" width=\"900\" height=\"601\" title='Berglodge Goms \u00e0 M\u00fcnster (Valais) \u2013 Un petit h\u00f4tel \u00e0 M\u00fcnster' alt=''  itemprop=\"thumbnailUrl\" srcset=\"https:\/\/berglodgegoms.ch\/wp-content\/uploads\/Berglodge-Goms-Innenraum-02.jpg 900w, https:\/\/berglodgegoms.ch\/wp-content\/uploads\/Berglodge-Goms-Innenraum-02-300x200.jpg 300w, https:\/\/berglodgegoms.ch\/wp-content\/uploads\/Berglodge-Goms-Innenraum-02-768x513.jpg 768w, https:\/\/berglodgegoms.ch\/wp-content\/uploads\/Berglodge-Goms-Innenraum-02-705x471.jpg 705w\" sizes=\"auto, (max-width: 900px) 100vw, 900px\" \/><\/div><\/li><\/ul><\/div>\n<\/div><\/div>\n<style type=\"text\/css\" data-created_by=\"avia_inline_auto\" id=\"style-css-av-kgv1b3vn-10-2357970e40ad78e5787c699a39d93cec\">\n.flex_cell.av-kgv1b3vn-10-2357970e40ad78e5787c699a39d93cec{\nvertical-align:top;\n}\n.responsive #top #wrap_all .flex_cell.av-kgv1b3vn-10-2357970e40ad78e5787c699a39d93cec{\npadding:0px 0px 0px 0px !important;\n}\n<\/style>\n<div class='flex_cell av-kgv1b3vn-10-2357970e40ad78e5787c699a39d93cec av-gridrow-cell av_one_fourth no_margin  avia-builder-el-14  el_after_av_cell_one_fourth  el_before_av_cell_one_fourth  av-zero-padding' ><div class='flex_cell_inner'><div  class='avia-slideshow av-kgqwnug4-9-98db0b3a5ed2afed049985c4eb55360f avia-slideshow-no scaling av_slideshow avia-fade-slider  avia-builder-el-15  avia-builder-el-no-sibling  av-slideshow-ui av-control-hidden av-no-slider-navigation av-hide-nav-arrows av-slideshow-autoplay av-loop-endless av-loop-manual-endless av-default-height-applied avia-slideshow-3' data-slideshow-options=\"{&quot;animation&quot;:&quot;fade&quot;,&quot;autoplay&quot;:true,&quot;loop_autoplay&quot;:&quot;endless&quot;,&quot;interval&quot;:3,&quot;loop_manual&quot;:&quot;manual-endless&quot;,&quot;autoplay_stopper&quot;:false,&quot;noNavigation&quot;:true,&quot;bg_slider&quot;:false,&quot;transitionSpeed&quot;:1800,&quot;keep_padding&quot;:false,&quot;hoverpause&quot;:false,&quot;show_slide_delay&quot;:0}\"  itemprop=\"image\" itemscope=\"itemscope\" itemtype=\"https:\/\/schema.org\/ImageObject\" ><ul class='avia-slideshow-inner ' style='padding-bottom: 66.666666666667%;'><li  class='avia-slideshow-slide av-kgqwnug4-9-98db0b3a5ed2afed049985c4eb55360f__0  av-single-slide slide-1 slide-odd'><div data-rel='slideshow-3' class='avia-slide-wrap '   ><img loading=\"lazy\" decoding=\"async\" class=\"wp-image-3562 avia-img-lazy-loading-3562\"  src=\"https:\/\/berglodgegoms.ch\/wp-content\/uploads\/berglodge-goms-06.jpg\" width=\"900\" height=\"600\" title='Salle du Berglodge de Goms' alt='Salle du Berglodge de Goms'  itemprop=\"thumbnailUrl\" srcset=\"https:\/\/berglodgegoms.ch\/wp-content\/uploads\/berglodge-goms-06.jpg 900w, https:\/\/berglodgegoms.ch\/wp-content\/uploads\/berglodge-goms-06-300x200.jpg 300w, https:\/\/berglodgegoms.ch\/wp-content\/uploads\/berglodge-goms-06-768x512.jpg 768w, https:\/\/berglodgegoms.ch\/wp-content\/uploads\/berglodge-goms-06-705x470.jpg 705w\" sizes=\"auto, (max-width: 900px) 100vw, 900px\" \/><\/div><\/li><\/ul><\/div>\n<\/div><\/div>\n<style type=\"text\/css\" data-created_by=\"avia_inline_auto\" id=\"style-css-av-kgv1b3vn-8-97ade3bd53bc2b4e937464d130d67f10\">\n.flex_cell.av-kgv1b3vn-8-97ade3bd53bc2b4e937464d130d67f10{\nvertical-align:top;\n}\n.responsive #top #wrap_all .flex_cell.av-kgv1b3vn-8-97ade3bd53bc2b4e937464d130d67f10{\npadding:0px 0px 0px 0px !important;\n}\n<\/style>\n<div class='flex_cell av-kgv1b3vn-8-97ade3bd53bc2b4e937464d130d67f10 av-gridrow-cell av_one_fourth no_margin  avia-builder-el-16  el_after_av_cell_one_fourth  avia-builder-el-last  av-zero-padding' ><div class='flex_cell_inner'><div  class='avia-slideshow av-kgqwnug4-7-2d695e6ca55df2555eabf8e911bae48f avia-slideshow-no scaling av_slideshow avia-fade-slider  avia-builder-el-17  avia-builder-el-no-sibling  av-slideshow-ui av-control-hidden av-no-slider-navigation av-hide-nav-arrows av-slideshow-autoplay av-loop-endless av-loop-manual-endless av-default-height-applied avia-slideshow-4' data-slideshow-options=\"{&quot;animation&quot;:&quot;fade&quot;,&quot;autoplay&quot;:true,&quot;loop_autoplay&quot;:&quot;endless&quot;,&quot;interval&quot;:3,&quot;loop_manual&quot;:&quot;manual-endless&quot;,&quot;autoplay_stopper&quot;:false,&quot;noNavigation&quot;:true,&quot;bg_slider&quot;:false,&quot;transitionSpeed&quot;:1800,&quot;keep_padding&quot;:false,&quot;hoverpause&quot;:false,&quot;show_slide_delay&quot;:0}\"  itemprop=\"image\" itemscope=\"itemscope\" itemtype=\"https:\/\/schema.org\/ImageObject\" ><ul class='avia-slideshow-inner ' style='padding-bottom: 66.777777777778%;'><li  class='avia-slideshow-slide av-kgqwnug4-7-2d695e6ca55df2555eabf8e911bae48f__0  av-single-slide slide-1 slide-odd'><div data-rel='slideshow-4' class='avia-slide-wrap '  title='Berglodge Goms \u00e0 M\u00fcnster (Valais) \u2013 Un petit h\u00f4tel \u00e0 M\u00fcnster' ><img loading=\"lazy\" decoding=\"async\" class=\"wp-image-2049 avia-img-lazy-loading-2049\"  src=\"https:\/\/berglodgegoms.ch\/wp-content\/uploads\/Berglodge-Goms-Innenraum.jpg\" width=\"900\" height=\"601\" title='Berglodge Goms \u00e0 M\u00fcnster (Valais) \u2013 Un petit h\u00f4tel \u00e0 M\u00fcnster' alt=''  itemprop=\"thumbnailUrl\" srcset=\"https:\/\/berglodgegoms.ch\/wp-content\/uploads\/Berglodge-Goms-Innenraum.jpg 900w, https:\/\/berglodgegoms.ch\/wp-content\/uploads\/Berglodge-Goms-Innenraum-300x200.jpg 300w, https:\/\/berglodgegoms.ch\/wp-content\/uploads\/Berglodge-Goms-Innenraum-768x513.jpg 768w, https:\/\/berglodgegoms.ch\/wp-content\/uploads\/Berglodge-Goms-Innenraum-705x471.jpg 705w\" sizes=\"auto, (max-width: 900px) 100vw, 900px\" \/><\/div><\/li><\/ul><\/div>\n<\/div><\/div>\n<\/div>\n","protected":false},"excerpt":{"rendered":"","protected":false},"author":3,"featured_media":0,"parent":0,"menu_order":24,"comment_status":"closed","ping_status":"closed","template":"","meta":{"footnotes":""},"class_list":["post-2433","page","type-page","status-publish","hentry"],"yoast_head":"<!-- This site is optimized with the Yoast SEO plugin v27.4 - https:\/\/yoast.com\/product\/yoast-seo-wordpress\/ -->\n<title>Chambres - Berglodge Goms<\/title>\n<meta name=\"robots\" content=\"index, follow, max-snippet:-1, max-image-preview:large, max-video-preview:-1\" \/>\n<link rel=\"canonical\" href=\"https:\/\/berglodgegoms.ch\/fr\/chambres\/\" \/>\n<meta property=\"og:locale\" content=\"fr_FR\" \/>\n<meta property=\"og:type\" content=\"article\" \/>\n<meta property=\"og:title\" content=\"Chambres - Berglodge Goms\" \/>\n<meta property=\"og:url\" content=\"https:\/\/berglodgegoms.ch\/fr\/chambres\/\" \/>\n<meta property=\"og:site_name\" content=\"Berglodge Goms\" \/>\n<meta property=\"article:publisher\" content=\"https:\/\/www.facebook.com\/berglodgegoms\" \/>\n<meta property=\"article:modified_time\" content=\"2025-07-10T09:03:49+00:00\" \/>\n<meta name=\"twitter:card\" content=\"summary_large_image\" \/>\n<meta name=\"twitter:label1\" content=\"Dur\u00e9e de lecture estim\u00e9e\" \/>\n\t<meta name=\"twitter:data1\" content=\"2 minutes\" \/>\n<script type=\"application\/ld+json\" class=\"yoast-schema-graph\">{\"@context\":\"https:\\\/\\\/schema.org\",\"@graph\":[{\"@type\":\"WebPage\",\"@id\":\"https:\\\/\\\/berglodgegoms.ch\\\/fr\\\/chambres\\\/\",\"url\":\"https:\\\/\\\/berglodgegoms.ch\\\/fr\\\/chambres\\\/\",\"name\":\"Chambres - Berglodge Goms\",\"isPartOf\":{\"@id\":\"https:\\\/\\\/berglodgegoms.ch\\\/fr\\\/#website\"},\"datePublished\":\"2020-10-29T14:26:35+00:00\",\"dateModified\":\"2025-07-10T09:03:49+00:00\",\"breadcrumb\":{\"@id\":\"https:\\\/\\\/berglodgegoms.ch\\\/fr\\\/chambres\\\/#breadcrumb\"},\"inLanguage\":\"fr-FR\",\"potentialAction\":[{\"@type\":\"ReadAction\",\"target\":[\"https:\\\/\\\/berglodgegoms.ch\\\/fr\\\/chambres\\\/\"]}]},{\"@type\":\"BreadcrumbList\",\"@id\":\"https:\\\/\\\/berglodgegoms.ch\\\/fr\\\/chambres\\\/#breadcrumb\",\"itemListElement\":[{\"@type\":\"ListItem\",\"position\":1,\"name\":\"Home\",\"item\":\"https:\\\/\\\/berglodgegoms.ch\\\/fr\\\/le-refuge-de-montagne-en-valais\\\/\"},{\"@type\":\"ListItem\",\"position\":2,\"name\":\"Chambres\"}]},{\"@type\":\"WebSite\",\"@id\":\"https:\\\/\\\/berglodgegoms.ch\\\/fr\\\/#website\",\"url\":\"https:\\\/\\\/berglodgegoms.ch\\\/fr\\\/\",\"name\":\"Berglodge Goms\",\"description\":\"Hotel in M\u00fcnster - Goms - Wallis - Yoga - Langlauf\",\"publisher\":{\"@id\":\"https:\\\/\\\/berglodgegoms.ch\\\/fr\\\/#organization\"},\"potentialAction\":[{\"@type\":\"SearchAction\",\"target\":{\"@type\":\"EntryPoint\",\"urlTemplate\":\"https:\\\/\\\/berglodgegoms.ch\\\/fr\\\/?s={search_term_string}\"},\"query-input\":{\"@type\":\"PropertyValueSpecification\",\"valueRequired\":true,\"valueName\":\"search_term_string\"}}],\"inLanguage\":\"fr-FR\"},{\"@type\":\"Organization\",\"@id\":\"https:\\\/\\\/berglodgegoms.ch\\\/fr\\\/#organization\",\"name\":\"Berglodge Goms\",\"url\":\"https:\\\/\\\/berglodgegoms.ch\\\/fr\\\/\",\"logo\":{\"@type\":\"ImageObject\",\"inLanguage\":\"fr-FR\",\"@id\":\"https:\\\/\\\/berglodgegoms.ch\\\/fr\\\/#\\\/schema\\\/logo\\\/image\\\/\",\"url\":\"https:\\\/\\\/berglodgegoms.ch\\\/wp-content\\\/uploads\\\/berglodgegoms196.jpg\",\"contentUrl\":\"https:\\\/\\\/berglodgegoms.ch\\\/wp-content\\\/uploads\\\/berglodgegoms196.jpg\",\"width\":1646,\"height\":1339,\"caption\":\"Berglodge Goms\"},\"image\":{\"@id\":\"https:\\\/\\\/berglodgegoms.ch\\\/fr\\\/#\\\/schema\\\/logo\\\/image\\\/\"},\"sameAs\":[\"https:\\\/\\\/www.facebook.com\\\/berglodgegoms\",\"https:\\\/\\\/www.instagram.com\\\/berglodgegoms\\\/\"]}]}<\/script>\n<!-- \/ Yoast SEO plugin. -->","yoast_head_json":{"title":"Chambres - Berglodge Goms","robots":{"index":"index","follow":"follow","max-snippet":"max-snippet:-1","max-image-preview":"max-image-preview:large","max-video-preview":"max-video-preview:-1"},"canonical":"https:\/\/berglodgegoms.ch\/fr\/chambres\/","og_locale":"fr_FR","og_type":"article","og_title":"Chambres - Berglodge Goms","og_url":"https:\/\/berglodgegoms.ch\/fr\/chambres\/","og_site_name":"Berglodge Goms","article_publisher":"https:\/\/www.facebook.com\/berglodgegoms","article_modified_time":"2025-07-10T09:03:49+00:00","twitter_card":"summary_large_image","twitter_misc":{"Dur\u00e9e de lecture estim\u00e9e":"2 minutes"},"schema":{"@context":"https:\/\/schema.org","@graph":[{"@type":"WebPage","@id":"https:\/\/berglodgegoms.ch\/fr\/chambres\/","url":"https:\/\/berglodgegoms.ch\/fr\/chambres\/","name":"Chambres - Berglodge Goms","isPartOf":{"@id":"https:\/\/berglodgegoms.ch\/fr\/#website"},"datePublished":"2020-10-29T14:26:35+00:00","dateModified":"2025-07-10T09:03:49+00:00","breadcrumb":{"@id":"https:\/\/berglodgegoms.ch\/fr\/chambres\/#breadcrumb"},"inLanguage":"fr-FR","potentialAction":[{"@type":"ReadAction","target":["https:\/\/berglodgegoms.ch\/fr\/chambres\/"]}]},{"@type":"BreadcrumbList","@id":"https:\/\/berglodgegoms.ch\/fr\/chambres\/#breadcrumb","itemListElement":[{"@type":"ListItem","position":1,"name":"Home","item":"https:\/\/berglodgegoms.ch\/fr\/le-refuge-de-montagne-en-valais\/"},{"@type":"ListItem","position":2,"name":"Chambres"}]},{"@type":"WebSite","@id":"https:\/\/berglodgegoms.ch\/fr\/#website","url":"https:\/\/berglodgegoms.ch\/fr\/","name":"Berglodge Goms","description":"Hotel in M\u00fcnster - Goms - Wallis - Yoga - Langlauf","publisher":{"@id":"https:\/\/berglodgegoms.ch\/fr\/#organization"},"potentialAction":[{"@type":"SearchAction","target":{"@type":"EntryPoint","urlTemplate":"https:\/\/berglodgegoms.ch\/fr\/?s={search_term_string}"},"query-input":{"@type":"PropertyValueSpecification","valueRequired":true,"valueName":"search_term_string"}}],"inLanguage":"fr-FR"},{"@type":"Organization","@id":"https:\/\/berglodgegoms.ch\/fr\/#organization","name":"Berglodge Goms","url":"https:\/\/berglodgegoms.ch\/fr\/","logo":{"@type":"ImageObject","inLanguage":"fr-FR","@id":"https:\/\/berglodgegoms.ch\/fr\/#\/schema\/logo\/image\/","url":"https:\/\/berglodgegoms.ch\/wp-content\/uploads\/berglodgegoms196.jpg","contentUrl":"https:\/\/berglodgegoms.ch\/wp-content\/uploads\/berglodgegoms196.jpg","width":1646,"height":1339,"caption":"Berglodge Goms"},"image":{"@id":"https:\/\/berglodgegoms.ch\/fr\/#\/schema\/logo\/image\/"},"sameAs":["https:\/\/www.facebook.com\/berglodgegoms","https:\/\/www.instagram.com\/berglodgegoms\/"]}]}},"_links":{"self":[{"href":"https:\/\/berglodgegoms.ch\/fr\/wp-json\/wp\/v2\/pages\/2433","targetHints":{"allow":["GET"]}}],"collection":[{"href":"https:\/\/berglodgegoms.ch\/fr\/wp-json\/wp\/v2\/pages"}],"about":[{"href":"https:\/\/berglodgegoms.ch\/fr\/wp-json\/wp\/v2\/types\/page"}],"author":[{"embeddable":true,"href":"https:\/\/berglodgegoms.ch\/fr\/wp-json\/wp\/v2\/users\/3"}],"replies":[{"embeddable":true,"href":"https:\/\/berglodgegoms.ch\/fr\/wp-json\/wp\/v2\/comments?post=2433"}],"version-history":[{"count":22,"href":"https:\/\/berglodgegoms.ch\/fr\/wp-json\/wp\/v2\/pages\/2433\/revisions"}],"predecessor-version":[{"id":7486,"href":"https:\/\/berglodgegoms.ch\/fr\/wp-json\/wp\/v2\/pages\/2433\/revisions\/7486"}],"wp:attachment":[{"href":"https:\/\/berglodgegoms.ch\/fr\/wp-json\/wp\/v2\/media?parent=2433"}],"curies":[{"name":"wp","href":"https:\/\/api.w.org\/{rel}","templated":true}]}}