{"id":2451,"date":"2020-10-29T20:37:51","date_gmt":"2020-10-29T19:37:51","guid":{"rendered":"https:\/\/berglodgegoms.ch\/?page_id=2451"},"modified":"2020-12-16T10:27:42","modified_gmt":"2020-12-16T09:27:42","slug":"contact","status":"publish","type":"page","link":"https:\/\/berglodgegoms.ch\/fr\/contact\/","title":{"rendered":"Contact"},"content":{"rendered":"<div id='av-layout-grid-1'  class='av-layout-grid-container av-kgvzeo10-5eaa39363f341f03d4a7ce2dab7daeae entry-content-wrapper main_color av-flex-cells  avia-builder-el-0  el_before_av_section  avia-builder-el-first  h1-gitterreihe-medium  container_wrap fullsize'  >\n<div class='flex_cell av-4jpsqh-9d9b25b8a009a3d082d109e1948111fa av-gridrow-cell av_one_full no_margin  avia-builder-el-1  avia-builder-el-no-sibling ' ><div class='flex_cell_inner'>\n<style type=\"text\/css\" data-created_by=\"avia_inline_auto\" id=\"style-css-av-kin74246-ff2dc8072955c4c5de926b51ad48e0de\">\n#top .av-special-heading.av-kin74246-ff2dc8072955c4c5de926b51ad48e0de{\npadding-bottom:10px;\n}\nbody .av-special-heading.av-kin74246-ff2dc8072955c4c5de926b51ad48e0de .av-special-heading-tag .heading-char{\nfont-size:25px;\n}\n.av-special-heading.av-kin74246-ff2dc8072955c4c5de926b51ad48e0de .av-subheading{\nfont-size:15px;\n}\n<\/style>\n<div  class='av-special-heading av-kin74246-ff2dc8072955c4c5de926b51ad48e0de av-special-heading-h1 blockquote modern-quote  avia-builder-el-2  avia-builder-el-no-sibling '><h1 class='av-special-heading-tag'  itemprop=\"headline\"  >Contact<\/h1><div class=\"special-heading-border\"><div class=\"special-heading-inner-border\"><\/div><\/div><\/div>\n<\/div><\/div>\n<\/div>\n<div id='av_section_1'  class='avia-section av-2fevx0-f7cd5783fabaabe740e59d4e0a16bed0 main_color avia-section-small avia-no-border-styling  avia-builder-el-3  el_after_av_layout_row  el_before_av_section  avia-bg-style-scroll container_wrap fullsize'  ><div class='container av-section-cont-open' ><div class='template-page content  av-content-full alpha units'><div class='post-entry post-entry-type-page post-entry-2451'><div class='entry-content-wrapper clearfix'>\n<section  class='av_textblock_section av-kgvzra61-a16ebaf49097505b6952225d2e2dc7fe '   itemscope=\"itemscope\" itemtype=\"https:\/\/schema.org\/CreativeWork\" ><div class='avia_textblock'  itemprop=\"text\" ><p>Berglodge Goms<br \/>\nBahnhofstrasse 88<br \/>\n3985 Mu\u0308nster<br \/>\n+41 79 340 24 46<br \/>\ninfo@berglodgegoms.ch<\/p>\n<\/div><\/section>\n\n<\/div><\/div><\/div><!-- close content main div --><\/div><\/div><div id='anreise'  class='avia-section av-kgw3wwof-bb00f79e6592ef34fc320a5ad1d93981 main_color avia-section-default avia-no-border-styling  avia-builder-el-5  el_after_av_section  el_before_av_section  avia-bg-style-scroll container_wrap fullsize'  ><div class='container av-section-cont-open' ><div class='template-page content  av-content-full alpha units'><div class='post-entry post-entry-type-page post-entry-2451'><div class='entry-content-wrapper clearfix'>\n\n<style type=\"text\/css\" data-created_by=\"avia_inline_auto\" id=\"style-css-av-kin748c7-bd431d7b5fb667bd3fe61e36be31d079\">\n#top .av-special-heading.av-kin748c7-bd431d7b5fb667bd3fe61e36be31d079{\npadding-bottom:10px;\n}\nbody .av-special-heading.av-kin748c7-bd431d7b5fb667bd3fe61e36be31d079 .av-special-heading-tag .heading-char{\nfont-size:25px;\n}\n.av-special-heading.av-kin748c7-bd431d7b5fb667bd3fe61e36be31d079 .av-subheading{\nfont-size:15px;\n}\n<\/style>\n<div  class='av-special-heading av-kin748c7-bd431d7b5fb667bd3fe61e36be31d079 av-special-heading-h2 blockquote modern-quote  avia-builder-el-6  el_before_av_textblock  avia-builder-el-first '><h2 class='av-special-heading-tag'  itemprop=\"headline\"  >L\u2019arriv\u00e9e<\/h2><div class=\"special-heading-border\"><div class=\"special-heading-inner-border\"><\/div><\/div><\/div>\n<section  class='av_textblock_section av-kgc4lvbl-516d78c7dee99cc54500531ac766df5b '   itemscope=\"itemscope\" itemtype=\"https:\/\/schema.org\/CreativeWork\" ><div class='avia_textblock'  itemprop=\"text\" ><p><span style=\"font-size: 14pt;\">Le voyage \u00e0 la Vall\u00e9e de Conches, en train ou en voiture, est une exp\u00e9rience \u00e0 part. Les routes sont tr\u00e8s bien am\u00e9nag\u00e9es et toute la Vall\u00e9e de Conches est accessible par les transports publics (chemins de fer Matterhorn\/Gotthard).<br \/>\nLe Berglodge dispose de places de parc devant l\u2019h\u00f4tel et est accessible \u00e0 pied en 2 minutes depuis la gare de M\u00fcnster.<br \/>\n<\/span><\/p>\n<\/div><\/section>\n<div  class='avia-buttonrow-wrap av-kguoi3ut-d7d4a56237b56f93595aec7dfa2bf9c0 avia-buttonrow-left  avia-builder-el-8  el_after_av_textblock  el_before_av_image '>\n\n<style type=\"text\/css\" data-created_by=\"avia_inline_auto\" id=\"style-css-av-2h6bv8-64f36f1c63f7d71fce9e75e378bae3a1\">\n#top #wrap_all .avia-button.av-2h6bv8-64f36f1c63f7d71fce9e75e378bae3a1{\nmargin-bottom:5px;\nmargin-right:5px;\n}\n<\/style>\n<a href='https:\/\/www.google.com\/maps\/place\/Bahnhofstrasse+88,+3985+Goms\/@46.4867608,8.2653257,17.5z\/data=!4m5!3m4!1s0x478f7e3285e118a7:0x166cf791acc21ff3!8m2!3d46.4858272!4d8.2673573' class='avia-button av-2h6bv8-64f36f1c63f7d71fce9e75e378bae3a1 avia-icon_select-no avia-size-medium avia-color-theme-color' target=\"_blank\" rel=\"noopener noreferrer\" title=\"Zimmer suchen und buchen\"><span class='avia_iconbox_title' >Google Maps<\/span><\/a>\n<\/div>\n\n<style type=\"text\/css\" data-created_by=\"avia_inline_auto\" id=\"style-css-av-kgc8d39f-4875788f383b96b16fe91f61906417a2\">\n.avia-image-container.av-kgc8d39f-4875788f383b96b16fe91f61906417a2 img.avia_image{\nbox-shadow:none;\n}\n.avia-image-container.av-kgc8d39f-4875788f383b96b16fe91f61906417a2 .av-image-caption-overlay-center{\ncolor:#ffffff;\n}\n<\/style>\n<div  class='avia-image-container av-kgc8d39f-4875788f383b96b16fe91f61906417a2 av-styling- avia-align-  avia-builder-el-9  el_after_av_buttonrow  avia-builder-el-last '   itemprop=\"image\" itemscope=\"itemscope\" itemtype=\"https:\/\/schema.org\/ImageObject\" ><div class=\"avia-image-container-inner\"><div class=\"avia-image-overlay-wrap\"><a href=\"https:\/\/www.google.com\/maps\/place\/Bahnhofstrasse+88,+3985+Goms\/@46.4867608,8.2653257,17.5z\/data=!4m5!3m4!1s0x478f7e3285e118a7:0x166cf791acc21ff3!8m2!3d46.4858272!4d8.2673573\" class='avia_image' target=\"_blank\" rel=\"noopener noreferrer\"><img decoding=\"async\" class='wp-image-2085 avia-img-lazy-loading-not-2085 avia_image ' src=\"https:\/\/berglodgegoms.ch\/wp-content\/uploads\/ort-300x207-1.jpg\" alt='' title='Arriv\u00e9e - Berglodge Goms, M\u00fcnster'  height=\"207\" width=\"300\"  itemprop=\"thumbnailUrl\"  \/><\/a><\/div><\/div><\/div>\n\n<\/div><\/div><\/div><!-- close content main div --><\/div><\/div><div id='newsletter-fr'  class='avia-section av-kgw3wwof-a1be1f3c574cd211937745d03c24b34d main_color avia-section-default avia-no-border-styling  avia-builder-el-10  el_after_av_section  avia-builder-el-last  newsletter avia-bg-style-scroll container_wrap fullsize'  ><div class='container av-section-cont-open' ><div class='template-page content  av-content-full alpha units'><div class='post-entry post-entry-type-page post-entry-2451'><div class='entry-content-wrapper clearfix'>\n\n<style type=\"text\/css\" data-created_by=\"avia_inline_auto\" id=\"style-css-av-2aqvjn-b6557abef3a9eb0ee4acaf4e9b70ac1f\">\n#top .av-special-heading.av-2aqvjn-b6557abef3a9eb0ee4acaf4e9b70ac1f{\npadding-bottom:10px;\n}\nbody .av-special-heading.av-2aqvjn-b6557abef3a9eb0ee4acaf4e9b70ac1f .av-special-heading-tag .heading-char{\nfont-size:25px;\n}\n.av-special-heading.av-2aqvjn-b6557abef3a9eb0ee4acaf4e9b70ac1f .av-subheading{\nfont-size:15px;\n}\n<\/style>\n<div  class='av-special-heading av-2aqvjn-b6557abef3a9eb0ee4acaf4e9b70ac1f av-special-heading-h2 blockquote modern-quote  avia-builder-el-11  el_before_av_textblock  avia-builder-el-first '><h2 class='av-special-heading-tag'  itemprop=\"headline\"  >Newsletter<\/h2><div class=\"special-heading-border\"><div class=\"special-heading-inner-border\"><\/div><\/div><\/div>\n<section  class='av_textblock_section av-kgc4lvbl-516d78c7dee99cc54500531ac766df5b '   itemscope=\"itemscope\" itemtype=\"https:\/\/schema.org\/CreativeWork\" ><div class='avia_textblock'  itemprop=\"text\" ><p>Le Newsletter vous renseigne sur le Berglodge Goms \u00e0 M\u00fcnster, en Valais.<\/p>\n<\/div><\/section>\n<form action=\"https:\/\/berglodgegoms.ch\/fr\/contact\/\" method=\"post\" data-fields-with-error=\"Found errors in the following field(s):\" class=\"avia_ajax_form av-form-labels-visible   avia-builder-el-13  el_after_av_textblock  avia-builder-el-last  av-custom-form-color av-dark-form \" data-avia-form-id=\"1\" data-avia-redirect='' ><fieldset><p class='  first_form  form_element form_fullwidth av-last-visible-form-element' id='element_avia_1_1'><label for=\"avia_1_1\">E Mail <abbr class=\"required\" title=\"requis(e)\">*<\/abbr><\/label> <input name=\"avia_1_1\" class=\"text_input is_email\" type=\"text\" id=\"avia_1_1\" value=\"\" \/><\/p><p class=\"hidden\"><input type=\"text\" name=\"avia_2_1\" class=\"hidden \" id=\"avia_2_1\" value=\"\" \/><\/p><p class=\"form_element \"><input type=\"hidden\" value=\"1\" name=\"avia_generated_form1\" \/><input type=\"submit\" value=\"Envoyer\" class=\"button\"  data-sending-label=\"Envoi\"\/><\/p><\/fieldset><\/form><div id=\"ajaxresponse_1\" class=\"ajaxresponse ajaxresponse_1 hidden\"><\/div>\n\n","protected":false},"excerpt":{"rendered":"","protected":false},"author":3,"featured_media":0,"parent":0,"menu_order":48,"comment_status":"closed","ping_status":"closed","template":"","meta":{"footnotes":""},"class_list":["post-2451","page","type-page","status-publish","hentry"],"yoast_head":"<!-- This site is optimized with the Yoast SEO plugin v27.4 - https:\/\/yoast.com\/product\/yoast-seo-wordpress\/ -->\n<title>Contact - Berglodge Goms<\/title>\n<meta name=\"robots\" content=\"index, follow, max-snippet:-1, max-image-preview:large, max-video-preview:-1\" \/>\n<link rel=\"canonical\" href=\"https:\/\/berglodgegoms.ch\/fr\/contact\/\" \/>\n<meta property=\"og:locale\" content=\"fr_FR\" \/>\n<meta property=\"og:type\" content=\"article\" \/>\n<meta property=\"og:title\" content=\"Contact - Berglodge Goms\" \/>\n<meta property=\"og:url\" content=\"https:\/\/berglodgegoms.ch\/fr\/contact\/\" \/>\n<meta property=\"og:site_name\" content=\"Berglodge Goms\" \/>\n<meta property=\"article:publisher\" content=\"https:\/\/www.facebook.com\/berglodgegoms\" \/>\n<meta property=\"article:modified_time\" content=\"2020-12-16T09:27:42+00:00\" \/>\n<meta name=\"twitter:card\" content=\"summary_large_image\" \/>\n<meta name=\"twitter:label1\" content=\"Dur\u00e9e de lecture estim\u00e9e\" \/>\n\t<meta name=\"twitter:data1\" content=\"6 minutes\" \/>\n<script type=\"application\/ld+json\" class=\"yoast-schema-graph\">{\"@context\":\"https:\\\/\\\/schema.org\",\"@graph\":[{\"@type\":\"WebPage\",\"@id\":\"https:\\\/\\\/berglodgegoms.ch\\\/fr\\\/contact\\\/\",\"url\":\"https:\\\/\\\/berglodgegoms.ch\\\/fr\\\/contact\\\/\",\"name\":\"Contact - Berglodge Goms\",\"isPartOf\":{\"@id\":\"https:\\\/\\\/berglodgegoms.ch\\\/fr\\\/#website\"},\"datePublished\":\"2020-10-29T19:37:51+00:00\",\"dateModified\":\"2020-12-16T09:27:42+00:00\",\"breadcrumb\":{\"@id\":\"https:\\\/\\\/berglodgegoms.ch\\\/fr\\\/contact\\\/#breadcrumb\"},\"inLanguage\":\"fr-FR\",\"potentialAction\":[{\"@type\":\"ReadAction\",\"target\":[\"https:\\\/\\\/berglodgegoms.ch\\\/fr\\\/contact\\\/\"]}]},{\"@type\":\"BreadcrumbList\",\"@id\":\"https:\\\/\\\/berglodgegoms.ch\\\/fr\\\/contact\\\/#breadcrumb\",\"itemListElement\":[{\"@type\":\"ListItem\",\"position\":1,\"name\":\"Home\",\"item\":\"https:\\\/\\\/berglodgegoms.ch\\\/fr\\\/le-refuge-de-montagne-en-valais\\\/\"},{\"@type\":\"ListItem\",\"position\":2,\"name\":\"Contact\"}]},{\"@type\":\"WebSite\",\"@id\":\"https:\\\/\\\/berglodgegoms.ch\\\/fr\\\/#website\",\"url\":\"https:\\\/\\\/berglodgegoms.ch\\\/fr\\\/\",\"name\":\"Berglodge Goms\",\"description\":\"Hotel in M\u00fcnster - Goms - Wallis - Yoga - Langlauf\",\"publisher\":{\"@id\":\"https:\\\/\\\/berglodgegoms.ch\\\/fr\\\/#organization\"},\"potentialAction\":[{\"@type\":\"SearchAction\",\"target\":{\"@type\":\"EntryPoint\",\"urlTemplate\":\"https:\\\/\\\/berglodgegoms.ch\\\/fr\\\/?s={search_term_string}\"},\"query-input\":{\"@type\":\"PropertyValueSpecification\",\"valueRequired\":true,\"valueName\":\"search_term_string\"}}],\"inLanguage\":\"fr-FR\"},{\"@type\":\"Organization\",\"@id\":\"https:\\\/\\\/berglodgegoms.ch\\\/fr\\\/#organization\",\"name\":\"Berglodge Goms\",\"url\":\"https:\\\/\\\/berglodgegoms.ch\\\/fr\\\/\",\"logo\":{\"@type\":\"ImageObject\",\"inLanguage\":\"fr-FR\",\"@id\":\"https:\\\/\\\/berglodgegoms.ch\\\/fr\\\/#\\\/schema\\\/logo\\\/image\\\/\",\"url\":\"https:\\\/\\\/berglodgegoms.ch\\\/wp-content\\\/uploads\\\/berglodgegoms196.jpg\",\"contentUrl\":\"https:\\\/\\\/berglodgegoms.ch\\\/wp-content\\\/uploads\\\/berglodgegoms196.jpg\",\"width\":1646,\"height\":1339,\"caption\":\"Berglodge Goms\"},\"image\":{\"@id\":\"https:\\\/\\\/berglodgegoms.ch\\\/fr\\\/#\\\/schema\\\/logo\\\/image\\\/\"},\"sameAs\":[\"https:\\\/\\\/www.facebook.com\\\/berglodgegoms\",\"https:\\\/\\\/www.instagram.com\\\/berglodgegoms\\\/\"]}]}<\/script>\n<!-- \/ Yoast SEO plugin. -->","yoast_head_json":{"title":"Contact - Berglodge Goms","robots":{"index":"index","follow":"follow","max-snippet":"max-snippet:-1","max-image-preview":"max-image-preview:large","max-video-preview":"max-video-preview:-1"},"canonical":"https:\/\/berglodgegoms.ch\/fr\/contact\/","og_locale":"fr_FR","og_type":"article","og_title":"Contact - Berglodge Goms","og_url":"https:\/\/berglodgegoms.ch\/fr\/contact\/","og_site_name":"Berglodge Goms","article_publisher":"https:\/\/www.facebook.com\/berglodgegoms","article_modified_time":"2020-12-16T09:27:42+00:00","twitter_card":"summary_large_image","twitter_misc":{"Dur\u00e9e de lecture estim\u00e9e":"6 minutes"},"schema":{"@context":"https:\/\/schema.org","@graph":[{"@type":"WebPage","@id":"https:\/\/berglodgegoms.ch\/fr\/contact\/","url":"https:\/\/berglodgegoms.ch\/fr\/contact\/","name":"Contact - Berglodge Goms","isPartOf":{"@id":"https:\/\/berglodgegoms.ch\/fr\/#website"},"datePublished":"2020-10-29T19:37:51+00:00","dateModified":"2020-12-16T09:27:42+00:00","breadcrumb":{"@id":"https:\/\/berglodgegoms.ch\/fr\/contact\/#breadcrumb"},"inLanguage":"fr-FR","potentialAction":[{"@type":"ReadAction","target":["https:\/\/berglodgegoms.ch\/fr\/contact\/"]}]},{"@type":"BreadcrumbList","@id":"https:\/\/berglodgegoms.ch\/fr\/contact\/#breadcrumb","itemListElement":[{"@type":"ListItem","position":1,"name":"Home","item":"https:\/\/berglodgegoms.ch\/fr\/le-refuge-de-montagne-en-valais\/"},{"@type":"ListItem","position":2,"name":"Contact"}]},{"@type":"WebSite","@id":"https:\/\/berglodgegoms.ch\/fr\/#website","url":"https:\/\/berglodgegoms.ch\/fr\/","name":"Berglodge Goms","description":"Hotel in M\u00fcnster - Goms - Wallis - Yoga - Langlauf","publisher":{"@id":"https:\/\/berglodgegoms.ch\/fr\/#organization"},"potentialAction":[{"@type":"SearchAction","target":{"@type":"EntryPoint","urlTemplate":"https:\/\/berglodgegoms.ch\/fr\/?s={search_term_string}"},"query-input":{"@type":"PropertyValueSpecification","valueRequired":true,"valueName":"search_term_string"}}],"inLanguage":"fr-FR"},{"@type":"Organization","@id":"https:\/\/berglodgegoms.ch\/fr\/#organization","name":"Berglodge Goms","url":"https:\/\/berglodgegoms.ch\/fr\/","logo":{"@type":"ImageObject","inLanguage":"fr-FR","@id":"https:\/\/berglodgegoms.ch\/fr\/#\/schema\/logo\/image\/","url":"https:\/\/berglodgegoms.ch\/wp-content\/uploads\/berglodgegoms196.jpg","contentUrl":"https:\/\/berglodgegoms.ch\/wp-content\/uploads\/berglodgegoms196.jpg","width":1646,"height":1339,"caption":"Berglodge Goms"},"image":{"@id":"https:\/\/berglodgegoms.ch\/fr\/#\/schema\/logo\/image\/"},"sameAs":["https:\/\/www.facebook.com\/berglodgegoms","https:\/\/www.instagram.com\/berglodgegoms\/"]}]}},"_links":{"self":[{"href":"https:\/\/berglodgegoms.ch\/fr\/wp-json\/wp\/v2\/pages\/2451","targetHints":{"allow":["GET"]}}],"collection":[{"href":"https:\/\/berglodgegoms.ch\/fr\/wp-json\/wp\/v2\/pages"}],"about":[{"href":"https:\/\/berglodgegoms.ch\/fr\/wp-json\/wp\/v2\/types\/page"}],"author":[{"embeddable":true,"href":"https:\/\/berglodgegoms.ch\/fr\/wp-json\/wp\/v2\/users\/3"}],"replies":[{"embeddable":true,"href":"https:\/\/berglodgegoms.ch\/fr\/wp-json\/wp\/v2\/comments?post=2451"}],"version-history":[{"count":9,"href":"https:\/\/berglodgegoms.ch\/fr\/wp-json\/wp\/v2\/pages\/2451\/revisions"}],"predecessor-version":[{"id":2864,"href":"https:\/\/berglodgegoms.ch\/fr\/wp-json\/wp\/v2\/pages\/2451\/revisions\/2864"}],"wp:attachment":[{"href":"https:\/\/berglodgegoms.ch\/fr\/wp-json\/wp\/v2\/media?parent=2451"}],"curies":[{"name":"wp","href":"https:\/\/api.w.org\/{rel}","templated":true}]}}