{"id":2470,"date":"2020-10-28T09:28:06","date_gmt":"2020-10-28T08:28:06","guid":{"rendered":"https:\/\/berglodgegoms.ch\/?page_id=2470"},"modified":"2020-12-16T09:17:38","modified_gmt":"2020-12-16T08:17:38","slug":"protection-des-donnees","status":"publish","type":"page","link":"https:\/\/berglodgegoms.ch\/fr\/protection-des-donnees\/","title":{"rendered":"Protection des donn\u00e9es"},"content":{"rendered":"<div id='av-layout-grid-1'  class='av-layout-grid-container av-kgvzeo10-5eaa39363f341f03d4a7ce2dab7daeae entry-content-wrapper main_color av-flex-cells  avia-builder-el-0  el_before_av_section  avia-builder-el-first  h1-gitterreihe-medium  container_wrap fullsize'  >\n<div class='flex_cell av-4jpsqh-9d9b25b8a009a3d082d109e1948111fa av-gridrow-cell av_one_full no_margin  avia-builder-el-1  avia-builder-el-no-sibling ' ><div class='flex_cell_inner'>\n<style type=\"text\/css\" data-created_by=\"avia_inline_auto\" id=\"style-css-av-kioryo4c-0f64cd847ce5b6e0550b2f4fdb7cdc60\">\n#top .av-special-heading.av-kioryo4c-0f64cd847ce5b6e0550b2f4fdb7cdc60{\npadding-bottom:10px;\n}\nbody .av-special-heading.av-kioryo4c-0f64cd847ce5b6e0550b2f4fdb7cdc60 .av-special-heading-tag .heading-char{\nfont-size:25px;\n}\n.av-special-heading.av-kioryo4c-0f64cd847ce5b6e0550b2f4fdb7cdc60 .av-subheading{\nfont-size:15px;\n}\n<\/style>\n<div  class='av-special-heading av-kioryo4c-0f64cd847ce5b6e0550b2f4fdb7cdc60 av-special-heading-h1 blockquote modern-quote  avia-builder-el-2  avia-builder-el-no-sibling '><h1 class='av-special-heading-tag'  itemprop=\"headline\"  > Protection des donn\u00e9es<\/h1><div class=\"special-heading-border\"><div class=\"special-heading-inner-border\"><\/div><\/div><\/div>\n<\/div><\/div><\/div><div id='av_section_1'  class='avia-section av-wgacz-56f1658e7d342b1216b3d1a59179e96f main_color avia-section-default avia-no-border-styling  avia-builder-el-3  el_after_av_layout_row  el_before_av_section  avia-bg-style-scroll container_wrap fullsize'  ><div class='container av-section-cont-open' ><div class='template-page content  av-content-full alpha units'><div class='post-entry post-entry-type-page post-entry-2470'><div class='entry-content-wrapper clearfix'>\n\n<style type=\"text\/css\" data-created_by=\"avia_inline_auto\" id=\"style-css-av-kiorfng1-32793fbe6496713b5ee72cd31ec8bcba\">\n#top .av-special-heading.av-kiorfng1-32793fbe6496713b5ee72cd31ec8bcba{\npadding-bottom:30px;\n}\nbody .av-special-heading.av-kiorfng1-32793fbe6496713b5ee72cd31ec8bcba .av-special-heading-tag .heading-char{\nfont-size:25px;\n}\n.av-special-heading.av-kiorfng1-32793fbe6496713b5ee72cd31ec8bcba .av-subheading{\nfont-size:15px;\n}\n<\/style>\n<div  class='av-special-heading av-kiorfng1-32793fbe6496713b5ee72cd31ec8bcba av-special-heading-h2 blockquote modern-quote  avia-builder-el-4  el_before_av_textblock  avia-builder-el-first '><h2 class='av-special-heading-tag'  itemprop=\"headline\"  >A. Informations sur la collecte de donn\u00e9es \u00e0 caract\u00e8re personnel<\/h2><div class=\"special-heading-border\"><div class=\"special-heading-inner-border\"><\/div><\/div><\/div>\n<section  class='av_textblock_section av-kgw0jhod-d9b1b7072ed337f64f1e938eb6968631 '   itemscope=\"itemscope\" itemtype=\"https:\/\/schema.org\/CreativeWork\" ><div class='avia_textblock'  itemprop=\"text\" ><h3>1. Geltungsbereich<\/h3>\n<p>Cette d\u00e9claration s&rsquo;applique aux pages Internet accessibles \u00e0 l&rsquo;adresse https:\/\/berglodgegoms.ch. Veuillez noter que https:\/\/berglodgegoms.ch peut contenir des liens vers d&rsquo;autres sites web qui peuvent \u00eatre soumis \u00e0 des r\u00e8gles de protection des donn\u00e9es diff\u00e9rentes.<\/p>\n<h3>2. Personne responsable<\/h3>\n<p>Berglodge Goms<br \/>\nBahnhofstrasse 88<br \/>\n3985 M\u00fcnster VS<br \/>\n+41 79 340 24 46<br \/>\nE Mail: info@berglodgegoms.ch<br \/>\nWebsite: berglodgegoms.ch<\/p>\n<h3>3. Effacement et la dur\u00e9e de stockage<\/h3>\n<p>Les donn\u00e9es personnelles de la personne concern\u00e9e seront effac\u00e9es ou bloqu\u00e9es d\u00e8s que la finalit\u00e9 de la conservation ne s\u2019appliquera plus. Le stockage peut \u00e9galement avoir lieu si cela est pr\u00e9vu par la loi. Les donn\u00e9es sont \u00e9galement bloqu\u00e9es ou effac\u00e9es \u00e0 l\u2019expiration d\u2019un d\u00e9lai de conservation l\u00e9gal, sauf la conservation ult\u00e9rieure des donn\u00e9es est n\u00e9cessaire en vue de la conclusion d\u2019un contrat ou de l\u2019ex\u00e9cution d\u2019un contrat.<\/p>\n<h3>4. l\u2019inclusion des prestataires de services et l\u2019utilisation des donn\u00e9es personnelles \u00e0 des fins publicitaires<\/h3>\n<p>Si nous souhaitons faire appel \u00e0 des prestataires de services sous contrat pour certaines fonctions de notre offre ou utiliser vos donn\u00e9es \u00e0 des fins publicitaires, nous vous informerons ci-dessous en d\u00e9tail sur les processus respectifs. Nous sp\u00e9cifions \u00e9galement les crit\u00e8res fixes pour la p\u00e9riode de stockage.<\/p>\n<\/div><\/section>\n<\/p>\n<\/div><\/div><\/div><!-- close content main div --><\/div><\/div><div id='av_section_2'  class='avia-section av-wgacz-56f1658e7d342b1216b3d1a59179e96f main_color avia-section-default avia-no-border-styling  avia-builder-el-6  el_after_av_section  el_before_av_section  avia-bg-style-scroll container_wrap fullsize'  ><div class='container av-section-cont-open' ><div class='template-page content  av-content-full alpha units'><div class='post-entry post-entry-type-page post-entry-2470'><div class='entry-content-wrapper clearfix'>\n\n<style type=\"text\/css\" data-created_by=\"avia_inline_auto\" id=\"style-css-av-kiorhvzf-a0b618519f6281fe1f7ce35dcf94c475\">\n#top .av-special-heading.av-kiorhvzf-a0b618519f6281fe1f7ce35dcf94c475{\npadding-bottom:30px;\n}\nbody .av-special-heading.av-kiorhvzf-a0b618519f6281fe1f7ce35dcf94c475 .av-special-heading-tag .heading-char{\nfont-size:25px;\n}\n.av-special-heading.av-kiorhvzf-a0b618519f6281fe1f7ce35dcf94c475 .av-subheading{\nfont-size:15px;\n}\n<\/style>\n<div  class='av-special-heading av-kiorhvzf-a0b618519f6281fe1f7ce35dcf94c475 av-special-heading-h2 blockquote modern-quote  avia-builder-el-7  el_before_av_textblock  avia-builder-el-first '><h2 class='av-special-heading-tag'  itemprop=\"headline\"  >B. Traitement des donn\u00e9es<\/h2><div class=\"special-heading-border\"><div class=\"special-heading-inner-border\"><\/div><\/div><\/div>\n<section  class='av_textblock_section av-kgw0jhod-d9b1b7072ed337f64f1e938eb6968631 '   itemscope=\"itemscope\" itemtype=\"https:\/\/schema.org\/CreativeWork\" ><div class='avia_textblock'  itemprop=\"text\" ><h3>1. Traitement g\u00e9n\u00e9ral des donn\u00e9es lors de la visite de notre site web<\/h3>\n<p>Si vous n\u2019utilisez le site Web qu\u2019\u00e0 des fins d\u2019information, c\u2019est-\u00e0-dire si vous ne nous fournissez aucune autre information, nous ne recueillons que les donn\u00e9es personnelles que votre navigateur transmet \u00e0 notre serveur. Lorsque ces donn\u00e9es sont stock\u00e9es, elles ne sont pas affect\u00e9es \u00e0 une personne sp\u00e9cifique. Lorsque vous consultez notre site Web, nous recueillons les donn\u00e9es suivantes, qui sont techniquement n\u00e9cessaires pour vous pr\u00e9senter notre site Web et pour assurer la stabilit\u00e9 et la s\u00e9curit\u00e9 :<\/p>\n<p>Adresse IP<br \/>\nDate et heure de la demande<br \/>\nFuseau horaire par rapport \u00e0 l\u2019heure de Greenwich (GMT)<br \/>\nContenu de la demande (page sp\u00e9cifique)<br \/>\nCode d\u2019\u00e9tat de l\u2019acc\u00e8s\/de l\u2019\u00e9tat HTTP<br \/>\nQuantit\u00e9 de donn\u00e9es transf\u00e9r\u00e9es dans chaque cas<br \/>\nPage Web d\u2019o\u00f9 provient la demande<br \/>\nNavigateur (y compris la langue et la version)<br \/>\nSyst\u00e8me d\u2019exploitation et version du logiciel de navigation.<\/p>\n<h3>2. Contact par email<\/h3>\n<p>Bei Ihrer Kontaktaufnahme mit uns per Email werden wir die von Ihnen mitgeteilten Daten (Ihre E-Mail-Adresse, ggf. Ihr Name und Ihre Telefonnummer) von uns gespeichert, um Termine zu Vereinbaren oder Ihre Fragen zu beantworten. Die in diesem Zusammenhang anfallenden Daten l\u00f6schen wir, nachdem die Speicherung nicht mehr erforderlich ist, oder schr\u00e4nken die Verarbeitung ein, falls gesetzliche Aufbewahrungspflichten bestehen.<\/p>\n<h3>3. Cookies<\/h3>\n<p>En plus des donn\u00e9es susmentionn\u00e9es, des cookies sont stock\u00e9s sur votre ordinateur lorsque vous utilisez notre site Web. Les cookies sont de petits fichiers texte qui sont stock\u00e9s sur votre disque dur et qui sont affect\u00e9s au navigateur que vous utilisez. A travers des cookies certaines informations sont transmises \u00e0 l\u2019emplacement qui a plac\u00e9 le cookie (ici par nous). Les cookies ne peuvent pas ex\u00e9cuter de programmes ou transmettre des virus \u00e0 votre ordinateur. Ils servent \u00e0 rendre l\u2019offre Internet plus conviviale et plus efficace dans l\u2019ensemble.<\/p>\n<p>Notre site Web utilise les types de cookies suivants, dont la port\u00e9e et la fonction sont expliqu\u00e9es ci-dessous :<br \/>\n\u2013Cookies transitoires (voir ci-dessous 3.1)<br \/>\n\u2013Cookies persistants (voir 3.2 ci-dessous)<\/p>\n<h4>3.1 Cookies transitoires<\/h4>\n<p>Les cookies transitoires sont automatiquement supprim\u00e9s lorsque vous fermez votre navigateur. Cela inclut en particulier les cookies de session. Ils stockent un identifiant de session, qui peut \u00eatre utilis\u00e9 pour affecter diverses requ\u00eates de votre navigateur \u00e0 la session partag\u00e9e. Cela permet \u00e0 votre ordinateur d\u2019\u00eatre reconnu lorsque vous revenez sur notre site Web. Les cookies de session sont supprim\u00e9s lorsque vous vous d\u00e9connectez ou fermez votre navigateur.<\/p>\n<h4>3.2 Cookies persistants<\/h4>\n<p>Les cookies persistants sont automatiquement supprim\u00e9s apr\u00e8s une p\u00e9riode sp\u00e9cifi\u00e9e, qui peut varier en fonction du cookie. Vous pouvez supprimer les cookies dans les param\u00e8tres de s\u00e9curit\u00e9 de votre navigateur \u00e0 tout moment.<\/p>\n<h4>3.3 R\u00e9glage des cookies<\/h4>\n<p>Vous pouvez configurer les param\u00e8tres de votre navigateur en fonction de vos souhaits et, par exemple, refuser l\u2019acceptation de cookies tiers ou de tous les cookies. Veuillez noter que dans ce cas, il se peut que vous ne puissiez pas utiliser toutes les fonctions de ce site Web.<\/p>\n<h3>4. Google Maps<\/h3>\n<p>Cette page utilise le service de carte Google Maps via une API. Le fournisseur est Google Inc, 1600 Amphitheatre Parkway, Mountain View, CA 94043, USA.<\/p>\n<p>Pour utiliser les fonctions de Google Maps, il est n\u00e9cessaire de stocker votre adresse IP. Ces informations sont g\u00e9n\u00e9ralement transf\u00e9r\u00e9es \u00e0 un serveur Google aux \u00c9tats-Unis et y sont stock\u00e9es. Le fournisseur de ce site n\u2019a aucune influence sur ce transfert de donn\u00e9es. L\u2019utilisation de Google Maps est dans l\u2019int\u00e9r\u00eat d\u2019une pr\u00e9sentation attrayante de nos offres en ligne et d\u2019une r\u00e9cup\u00e9ration facile des lieux indiqu\u00e9s par nous sur le site. Ceci constitue un int\u00e9r\u00eat l\u00e9gitime au sens de l\u2019art. 6 al. 1 lit. f DSGVO.<\/p>\n<p>Pour plus d\u2019informations, consultez les r\u00e8gles de confidentialit\u00e9 de Google. <a href=\"https:\/\/www.google.de\/intl\/de\/policies\/privacy\/\" target=\"_blank\" rel=\"noopener noreferrer\">https:\/\/www.google.de\/intl\/de\/policies\/privacy\/<\/a>.<\/p>\n<h3>5. Syst\u00e8me de r\u00e9servation<\/h3>\n<p>Le site utilise le syst\u00e8me de r\u00e9servation en ligne de Kognitiv Corporation. Ce logiciel de r\u00e9servation utilise des cookies. En utilisant le logiciel, vous acceptez l&rsquo;accord sur les cookies.<\/p>\n<\/div><\/section>\n\n<\/div><\/div><\/div><!-- close content main div --><\/div><\/div><div id='av_section_3'  class='avia-section av-wgacz-56f1658e7d342b1216b3d1a59179e96f main_color avia-section-default avia-no-border-styling  avia-builder-el-9  el_after_av_section  el_before_av_section  avia-bg-style-scroll container_wrap fullsize'  ><div class='container av-section-cont-open' ><div class='template-page content  av-content-full alpha units'><div class='post-entry post-entry-type-page post-entry-2470'><div class='entry-content-wrapper clearfix'>\n\n<style type=\"text\/css\" data-created_by=\"avia_inline_auto\" id=\"style-css-av-kiorm1xz-2e7e8a1d61e10da5c1833dc909ea1da8\">\n#top .av-special-heading.av-kiorm1xz-2e7e8a1d61e10da5c1833dc909ea1da8{\npadding-bottom:30px;\n}\nbody .av-special-heading.av-kiorm1xz-2e7e8a1d61e10da5c1833dc909ea1da8 .av-special-heading-tag .heading-char{\nfont-size:25px;\n}\n.av-special-heading.av-kiorm1xz-2e7e8a1d61e10da5c1833dc909ea1da8 .av-subheading{\nfont-size:15px;\n}\n<\/style>\n<div  class='av-special-heading av-kiorm1xz-2e7e8a1d61e10da5c1833dc909ea1da8 av-special-heading-h2 blockquote modern-quote  avia-builder-el-10  el_before_av_textblock  avia-builder-el-first '><h2 class='av-special-heading-tag'  itemprop=\"headline\"  >C. Vos droits<\/h2><div class=\"special-heading-border\"><div class=\"special-heading-inner-border\"><\/div><\/div><\/div>\n<section  class='av_textblock_section av-kgw0jhod-d9b1b7072ed337f64f1e938eb6968631 '   itemscope=\"itemscope\" itemtype=\"https:\/\/schema.org\/CreativeWork\" ><div class='avia_textblock'  itemprop=\"text\" ><div id=\"toggle-id-3-container\" class=\"toggle_wrap active_tc\">\n<div class=\"toggle_content invers-color \">\n<p>Vous avez le droit de r\u00e9voquer \u00e0 tout moment votre consentement \u00e0 l\u2019utilisation de vos donn\u00e9es personnelles et de recevoir des informations sur toutes vos donn\u00e9es personnelles enregistr\u00e9es. Vous avez le droit de les v\u00e9rifier, de les corriger si n\u00e9cessaire, de les bloquer ou de les faire supprimer.<\/p>\n<p>Pour ce faire, contactez les bureaux responsables (pour les coordonn\u00e9es, voir ci-dessus).<\/p>\n<\/div>\n<\/div>\n<\/div><\/section>\n\n<\/div><\/div><\/div><!-- close content main div --><\/div><\/div><div id='av_section_4'  class='avia-section av-wgacz-56f1658e7d342b1216b3d1a59179e96f main_color avia-section-default avia-no-border-styling  avia-builder-el-12  el_after_av_section  avia-builder-el-last  avia-bg-style-scroll container_wrap fullsize'  ><div class='container av-section-cont-open' ><div class='template-page content  av-content-full alpha units'><div class='post-entry post-entry-type-page post-entry-2470'><div class='entry-content-wrapper clearfix'>\n\n<style type=\"text\/css\" data-created_by=\"avia_inline_auto\" id=\"style-css-av-kiormht5-3fc3aa1a197910820db2fcc2a40a2d9f\">\n#top .av-special-heading.av-kiormht5-3fc3aa1a197910820db2fcc2a40a2d9f{\npadding-bottom:30px;\n}\nbody .av-special-heading.av-kiormht5-3fc3aa1a197910820db2fcc2a40a2d9f .av-special-heading-tag .heading-char{\nfont-size:25px;\n}\n.av-special-heading.av-kiormht5-3fc3aa1a197910820db2fcc2a40a2d9f .av-subheading{\nfont-size:15px;\n}\n<\/style>\n<div  class='av-special-heading av-kiormht5-3fc3aa1a197910820db2fcc2a40a2d9f av-special-heading-h2 blockquote modern-quote  avia-builder-el-13  el_before_av_textblock  avia-builder-el-first '><h2 class='av-special-heading-tag'  itemprop=\"headline\"  >D. Susceptible de changer<\/h2><div class=\"special-heading-border\"><div class=\"special-heading-inner-border\"><\/div><\/div><\/div>\n<section  class='av_textblock_section av-kgw0jhod-d9b1b7072ed337f64f1e938eb6968631 '   itemscope=\"itemscope\" itemtype=\"https:\/\/schema.org\/CreativeWork\" ><div class='avia_textblock'  itemprop=\"text\" ><p>Nous nous r\u00e9servons le droit de modifier cette d\u00e9claration \u00e0 tout moment. Il n\u2019\u00e9tablit aucun droit contractuel.<\/p>\n<p><strong>Derni\u00e8re mise \u00e0 jour : D\u00e9cembre 2020<\/strong><\/p>\n<\/div><\/section>\n\n","protected":false},"excerpt":{"rendered":"","protected":false},"author":3,"featured_media":0,"parent":0,"menu_order":57,"comment_status":"closed","ping_status":"closed","template":"","meta":{"footnotes":""},"class_list":["post-2470","page","type-page","status-publish","hentry"],"yoast_head":"<!-- This site is optimized with the Yoast SEO plugin v27.4 - https:\/\/yoast.com\/product\/yoast-seo-wordpress\/ -->\n<title>Protection des donn\u00e9es - Berglodge Goms<\/title>\n<meta name=\"robots\" content=\"noindex, nofollow\" \/>\n<meta property=\"og:locale\" content=\"fr_FR\" \/>\n<meta property=\"og:type\" content=\"article\" \/>\n<meta property=\"og:title\" content=\"Protection des donn\u00e9es - Berglodge Goms\" \/>\n<meta property=\"og:url\" content=\"https:\/\/berglodgegoms.ch\/fr\/protection-des-donnees\/\" \/>\n<meta property=\"og:site_name\" content=\"Berglodge Goms\" \/>\n<meta property=\"article:publisher\" content=\"https:\/\/www.facebook.com\/berglodgegoms\" \/>\n<meta property=\"article:modified_time\" content=\"2020-12-16T08:17:38+00:00\" \/>\n<meta name=\"twitter:card\" content=\"summary_large_image\" \/>\n<meta name=\"twitter:label1\" content=\"Dur\u00e9e de lecture estim\u00e9e\" \/>\n\t<meta name=\"twitter:data1\" content=\"11 minutes\" \/>\n<script type=\"application\/ld+json\" class=\"yoast-schema-graph\">{\"@context\":\"https:\\\/\\\/schema.org\",\"@graph\":[{\"@type\":\"WebPage\",\"@id\":\"https:\\\/\\\/berglodgegoms.ch\\\/fr\\\/protection-des-donnees\\\/\",\"url\":\"https:\\\/\\\/berglodgegoms.ch\\\/fr\\\/protection-des-donnees\\\/\",\"name\":\"Protection des donn\u00e9es - Berglodge Goms\",\"isPartOf\":{\"@id\":\"https:\\\/\\\/berglodgegoms.ch\\\/fr\\\/#website\"},\"datePublished\":\"2020-10-28T08:28:06+00:00\",\"dateModified\":\"2020-12-16T08:17:38+00:00\",\"breadcrumb\":{\"@id\":\"https:\\\/\\\/berglodgegoms.ch\\\/fr\\\/protection-des-donnees\\\/#breadcrumb\"},\"inLanguage\":\"fr-FR\",\"potentialAction\":[{\"@type\":\"ReadAction\",\"target\":[\"https:\\\/\\\/berglodgegoms.ch\\\/fr\\\/protection-des-donnees\\\/\"]}]},{\"@type\":\"BreadcrumbList\",\"@id\":\"https:\\\/\\\/berglodgegoms.ch\\\/fr\\\/protection-des-donnees\\\/#breadcrumb\",\"itemListElement\":[{\"@type\":\"ListItem\",\"position\":1,\"name\":\"Home\",\"item\":\"https:\\\/\\\/berglodgegoms.ch\\\/fr\\\/le-refuge-de-montagne-en-valais\\\/\"},{\"@type\":\"ListItem\",\"position\":2,\"name\":\"Protection des donn\u00e9es\"}]},{\"@type\":\"WebSite\",\"@id\":\"https:\\\/\\\/berglodgegoms.ch\\\/fr\\\/#website\",\"url\":\"https:\\\/\\\/berglodgegoms.ch\\\/fr\\\/\",\"name\":\"Berglodge Goms\",\"description\":\"Hotel in M\u00fcnster - Goms - Wallis - Yoga - Langlauf\",\"publisher\":{\"@id\":\"https:\\\/\\\/berglodgegoms.ch\\\/fr\\\/#organization\"},\"potentialAction\":[{\"@type\":\"SearchAction\",\"target\":{\"@type\":\"EntryPoint\",\"urlTemplate\":\"https:\\\/\\\/berglodgegoms.ch\\\/fr\\\/?s={search_term_string}\"},\"query-input\":{\"@type\":\"PropertyValueSpecification\",\"valueRequired\":true,\"valueName\":\"search_term_string\"}}],\"inLanguage\":\"fr-FR\"},{\"@type\":\"Organization\",\"@id\":\"https:\\\/\\\/berglodgegoms.ch\\\/fr\\\/#organization\",\"name\":\"Berglodge Goms\",\"url\":\"https:\\\/\\\/berglodgegoms.ch\\\/fr\\\/\",\"logo\":{\"@type\":\"ImageObject\",\"inLanguage\":\"fr-FR\",\"@id\":\"https:\\\/\\\/berglodgegoms.ch\\\/fr\\\/#\\\/schema\\\/logo\\\/image\\\/\",\"url\":\"https:\\\/\\\/berglodgegoms.ch\\\/wp-content\\\/uploads\\\/berglodgegoms196.jpg\",\"contentUrl\":\"https:\\\/\\\/berglodgegoms.ch\\\/wp-content\\\/uploads\\\/berglodgegoms196.jpg\",\"width\":1646,\"height\":1339,\"caption\":\"Berglodge Goms\"},\"image\":{\"@id\":\"https:\\\/\\\/berglodgegoms.ch\\\/fr\\\/#\\\/schema\\\/logo\\\/image\\\/\"},\"sameAs\":[\"https:\\\/\\\/www.facebook.com\\\/berglodgegoms\",\"https:\\\/\\\/www.instagram.com\\\/berglodgegoms\\\/\"]}]}<\/script>\n<!-- \/ Yoast SEO plugin. -->","yoast_head_json":{"title":"Protection des donn\u00e9es - Berglodge Goms","robots":{"index":"noindex","follow":"nofollow"},"og_locale":"fr_FR","og_type":"article","og_title":"Protection des donn\u00e9es - Berglodge Goms","og_url":"https:\/\/berglodgegoms.ch\/fr\/protection-des-donnees\/","og_site_name":"Berglodge Goms","article_publisher":"https:\/\/www.facebook.com\/berglodgegoms","article_modified_time":"2020-12-16T08:17:38+00:00","twitter_card":"summary_large_image","twitter_misc":{"Dur\u00e9e de lecture estim\u00e9e":"11 minutes"},"schema":{"@context":"https:\/\/schema.org","@graph":[{"@type":"WebPage","@id":"https:\/\/berglodgegoms.ch\/fr\/protection-des-donnees\/","url":"https:\/\/berglodgegoms.ch\/fr\/protection-des-donnees\/","name":"Protection des donn\u00e9es - Berglodge Goms","isPartOf":{"@id":"https:\/\/berglodgegoms.ch\/fr\/#website"},"datePublished":"2020-10-28T08:28:06+00:00","dateModified":"2020-12-16T08:17:38+00:00","breadcrumb":{"@id":"https:\/\/berglodgegoms.ch\/fr\/protection-des-donnees\/#breadcrumb"},"inLanguage":"fr-FR","potentialAction":[{"@type":"ReadAction","target":["https:\/\/berglodgegoms.ch\/fr\/protection-des-donnees\/"]}]},{"@type":"BreadcrumbList","@id":"https:\/\/berglodgegoms.ch\/fr\/protection-des-donnees\/#breadcrumb","itemListElement":[{"@type":"ListItem","position":1,"name":"Home","item":"https:\/\/berglodgegoms.ch\/fr\/le-refuge-de-montagne-en-valais\/"},{"@type":"ListItem","position":2,"name":"Protection des donn\u00e9es"}]},{"@type":"WebSite","@id":"https:\/\/berglodgegoms.ch\/fr\/#website","url":"https:\/\/berglodgegoms.ch\/fr\/","name":"Berglodge Goms","description":"Hotel in M\u00fcnster - Goms - Wallis - Yoga - Langlauf","publisher":{"@id":"https:\/\/berglodgegoms.ch\/fr\/#organization"},"potentialAction":[{"@type":"SearchAction","target":{"@type":"EntryPoint","urlTemplate":"https:\/\/berglodgegoms.ch\/fr\/?s={search_term_string}"},"query-input":{"@type":"PropertyValueSpecification","valueRequired":true,"valueName":"search_term_string"}}],"inLanguage":"fr-FR"},{"@type":"Organization","@id":"https:\/\/berglodgegoms.ch\/fr\/#organization","name":"Berglodge Goms","url":"https:\/\/berglodgegoms.ch\/fr\/","logo":{"@type":"ImageObject","inLanguage":"fr-FR","@id":"https:\/\/berglodgegoms.ch\/fr\/#\/schema\/logo\/image\/","url":"https:\/\/berglodgegoms.ch\/wp-content\/uploads\/berglodgegoms196.jpg","contentUrl":"https:\/\/berglodgegoms.ch\/wp-content\/uploads\/berglodgegoms196.jpg","width":1646,"height":1339,"caption":"Berglodge Goms"},"image":{"@id":"https:\/\/berglodgegoms.ch\/fr\/#\/schema\/logo\/image\/"},"sameAs":["https:\/\/www.facebook.com\/berglodgegoms","https:\/\/www.instagram.com\/berglodgegoms\/"]}]}},"_links":{"self":[{"href":"https:\/\/berglodgegoms.ch\/fr\/wp-json\/wp\/v2\/pages\/2470","targetHints":{"allow":["GET"]}}],"collection":[{"href":"https:\/\/berglodgegoms.ch\/fr\/wp-json\/wp\/v2\/pages"}],"about":[{"href":"https:\/\/berglodgegoms.ch\/fr\/wp-json\/wp\/v2\/types\/page"}],"author":[{"embeddable":true,"href":"https:\/\/berglodgegoms.ch\/fr\/wp-json\/wp\/v2\/users\/3"}],"replies":[{"embeddable":true,"href":"https:\/\/berglodgegoms.ch\/fr\/wp-json\/wp\/v2\/comments?post=2470"}],"version-history":[{"count":7,"href":"https:\/\/berglodgegoms.ch\/fr\/wp-json\/wp\/v2\/pages\/2470\/revisions"}],"predecessor-version":[{"id":2770,"href":"https:\/\/berglodgegoms.ch\/fr\/wp-json\/wp\/v2\/pages\/2470\/revisions\/2770"}],"wp:attachment":[{"href":"https:\/\/berglodgegoms.ch\/fr\/wp-json\/wp\/v2\/media?parent=2470"}],"curies":[{"name":"wp","href":"https:\/\/api.w.org\/{rel}","templated":true}]}}