{"id":5506,"date":"2022-12-08T21:09:14","date_gmt":"2022-12-08T20:09:14","guid":{"rendered":"https:\/\/berglodgegoms.ch\/?page_id=5506"},"modified":"2024-11-23T17:42:49","modified_gmt":"2024-11-23T16:42:49","slug":"repas","status":"publish","type":"page","link":"https:\/\/berglodgegoms.ch\/fr\/repas\/","title":{"rendered":"Repas"},"content":{"rendered":"<div id='av-layout-grid-1'  class='av-layout-grid-container av-3u0luo-a457ac02a2a3e05c343ac6fb4cca8413 entry-content-wrapper main_color av-flex-cells  avia-builder-el-0  el_before_av_heading  avia-builder-el-first  h1-gitterreihe-medium  container_wrap fullsize'  >\n<div class='flex_cell av-2z950w-c25f11de8d4b2133c8a7ecdd0afdaff2 av-gridrow-cell av_one_full no_margin  avia-builder-el-1  avia-builder-el-no-sibling ' ><div class='flex_cell_inner'>\n<style type=\"text\/css\" data-created_by=\"avia_inline_auto\" id=\"style-css-av-lbf84tam-70b7460499d4ded85c26fdcb59ac1286\">\n#top .av-special-heading.av-lbf84tam-70b7460499d4ded85c26fdcb59ac1286{\npadding-bottom:30px;\n}\nbody .av-special-heading.av-lbf84tam-70b7460499d4ded85c26fdcb59ac1286 .av-special-heading-tag .heading-char{\nfont-size:25px;\n}\n.av-special-heading.av-lbf84tam-70b7460499d4ded85c26fdcb59ac1286 .av-subheading{\nfont-size:15px;\n}\n<\/style>\n<div  class='av-special-heading av-lbf84tam-70b7460499d4ded85c26fdcb59ac1286 av-special-heading-h1 blockquote modern-quote  avia-builder-el-2  avia-builder-el-no-sibling '><h1 class='av-special-heading-tag'  itemprop=\"headline\"  >Repas <\/h1><div class=\"special-heading-border\"><div class=\"special-heading-inner-border\"><\/div><\/div><\/div>\n<\/div><\/div>\n<\/div><div id='after_grid_row_1'  class='main_color av_default_container_wrap container_wrap fullsize'  ><div class='container av-section-cont-open' ><div class='template-page content  av-content-full alpha units'><div class='post-entry post-entry-type-page post-entry-5506'><div class='entry-content-wrapper clearfix'>\n\n<style type=\"text\/css\" data-created_by=\"avia_inline_auto\" id=\"style-css-av-labkc6-137d50fe753d3f71e3153251b85b65ba\">\n#top .av-special-heading.av-labkc6-137d50fe753d3f71e3153251b85b65ba{\npadding-bottom:10px;\n}\nbody .av-special-heading.av-labkc6-137d50fe753d3f71e3153251b85b65ba .av-special-heading-tag .heading-char{\nfont-size:25px;\n}\n.av-special-heading.av-labkc6-137d50fe753d3f71e3153251b85b65ba .av-subheading{\nfont-size:15px;\n}\n<\/style>\n<div  class='av-special-heading av-labkc6-137d50fe753d3f71e3153251b85b65ba av-special-heading-h2 blockquote modern-quote modern-centered  avia-builder-el-3  el_after_av_layout_row  el_before_av_layout_row  avia-builder-el-no-sibling '><h2 class='av-special-heading-tag'  itemprop=\"headline\"  >Petit-d\u00e9jeuner Berglodge<\/h2><div class=\"special-heading-border\"><div class=\"special-heading-inner-border\"><\/div><\/div><\/div>\n<\/div><\/div><\/div><!-- close content main div --><\/div><\/div><div id='av-layout-grid-2'  class='av-layout-grid-container av-jb1rie-4eb303e6bdce03f077bb000a6c99c9a2 entry-content-wrapper main_color av-flex-cells  avia-builder-el-4  el_after_av_heading  el_before_av_heading  gitterreihe-medium grid-row-not-first  container_wrap fullsize'  >\n\n<style type=\"text\/css\" data-created_by=\"avia_inline_auto\" id=\"style-css-av-1pmp0m-6255a55803830ef36540ffc53536f042\">\n.flex_cell.av-1pmp0m-6255a55803830ef36540ffc53536f042{\nvertical-align:middle;\n}\n.responsive #top #wrap_all .flex_cell.av-1pmp0m-6255a55803830ef36540ffc53536f042{\npadding:30px 30px 30px 30px !important;\n}\n<\/style>\n<div class='flex_cell av-1pmp0m-6255a55803830ef36540ffc53536f042 av-gridrow-cell av_one_half no_margin  avia-builder-el-5  el_before_av_cell_one_half  avia-builder-el-first ' ><div class='flex_cell_inner'>\n<style type=\"text\/css\" data-created_by=\"avia_inline_auto\" id=\"style-css-av-f57teu-75083c30c8746d578a72fe828421dba5\">\n.avia-image-container.av-f57teu-75083c30c8746d578a72fe828421dba5 img.avia_image{\nbox-shadow:none;\n}\n.avia-image-container.av-f57teu-75083c30c8746d578a72fe828421dba5 .av-image-caption-overlay-center{\ncolor:#ffffff;\n}\n<\/style>\n<div  class='avia-image-container av-f57teu-75083c30c8746d578a72fe828421dba5 av-styling- avia-align-center  avia-builder-el-6  avia-builder-el-no-sibling '   itemprop=\"image\" itemscope=\"itemscope\" itemtype=\"https:\/\/schema.org\/ImageObject\" ><div class=\"avia-image-container-inner\"><div class=\"avia-image-overlay-wrap\"><img decoding=\"async\" class='wp-image-4605 avia-img-lazy-loading-not-4605 avia_image ' src=\"https:\/\/berglodgegoms.ch\/wp-content\/uploads\/Berglodge-Goms-Fru\u0308hstu\u0308ck-1.jpg\" alt='' title='Berglodge-Goms-Fru\u0308hstu\u0308ck'  height=\"334\" width=\"500\"  itemprop=\"thumbnailUrl\" srcset=\"https:\/\/berglodgegoms.ch\/wp-content\/uploads\/Berglodge-Goms-Fru\u0308hstu\u0308ck-1.jpg 500w, https:\/\/berglodgegoms.ch\/wp-content\/uploads\/Berglodge-Goms-Fru\u0308hstu\u0308ck-1-300x200.jpg 300w\" sizes=\"(max-width: 500px) 100vw, 500px\" \/><\/div><\/div><\/div>\n<\/div><\/div>\n<style type=\"text\/css\" data-created_by=\"avia_inline_auto\" id=\"style-css-av-dtqa7a-4d5accccc8b1705e62b4ac72d36e268e\">\n.flex_cell.av-dtqa7a-4d5accccc8b1705e62b4ac72d36e268e{\nvertical-align:middle;\n}\n.responsive #top #wrap_all .flex_cell.av-dtqa7a-4d5accccc8b1705e62b4ac72d36e268e{\npadding:50px 50px 50px 50px !important;\n}\n<\/style>\n<div class='flex_cell av-dtqa7a-4d5accccc8b1705e62b4ac72d36e268e av-gridrow-cell av_one_half no_margin  avia-builder-el-7  el_after_av_cell_one_half  avia-builder-el-last ' ><div class='flex_cell_inner'><section  class='av_textblock_section av-bqso06-e2be4c351d206a4051bdd4535bb5233b '   itemscope=\"itemscope\" itemtype=\"https:\/\/schema.org\/CreativeWork\" ><div class='avia_textblock'  itemprop=\"text\" ><p>Chaque matin, un petit d\u00e9jeuner buffet \u00e9quilibr\u00e9 te sera propos\u00e9. Nous accordons une grande importance aux produits r\u00e9gionaux et biologiques. Prends ton temps pour le petit-d\u00e9jeuner afin que la journ\u00e9e soit parfaite pour toi.<\/p>\n<\/div><\/section>\n<\/div><\/div>\n<\/div><div id='after_grid_row_2'  class='main_color av_default_container_wrap container_wrap fullsize'  ><div class='container av-section-cont-open' ><div class='template-page content  av-content-full alpha units'><div class='post-entry post-entry-type-page post-entry-5506'><div class='entry-content-wrapper clearfix'>\n\n<style type=\"text\/css\" data-created_by=\"avia_inline_auto\" id=\"style-css-av-b7u83q-28cf93e7a486919b9734288ec12300b8\">\n#top .av-special-heading.av-b7u83q-28cf93e7a486919b9734288ec12300b8{\npadding-bottom:10px;\n}\nbody .av-special-heading.av-b7u83q-28cf93e7a486919b9734288ec12300b8 .av-special-heading-tag .heading-char{\nfont-size:25px;\n}\n.av-special-heading.av-b7u83q-28cf93e7a486919b9734288ec12300b8 .av-subheading{\nfont-size:15px;\n}\n<\/style>\n<div  class='av-special-heading av-b7u83q-28cf93e7a486919b9734288ec12300b8 av-special-heading-h2 blockquote modern-quote modern-centered  avia-builder-el-9  el_after_av_layout_row  el_before_av_layout_row  avia-builder-el-no-sibling '><h2 class='av-special-heading-tag'  itemprop=\"headline\"  >D\u00eener<\/h2><div class=\"special-heading-border\"><div class=\"special-heading-inner-border\"><\/div><\/div><\/div>\n<\/div><\/div><\/div><!-- close content main div --><\/div><\/div><div id='av-layout-grid-3'  class='av-layout-grid-container av-9d63s6-c37e4f2b59c5213db5ef1391c61e0a94 entry-content-wrapper main_color av-flex-cells  avia-builder-el-10  el_after_av_heading  avia-builder-el-last  gitterreihe-medium grid-row-not-first  container_wrap fullsize'  >\n\n<style type=\"text\/css\" data-created_by=\"avia_inline_auto\" id=\"style-css-av-7psrc6-245c68d6843d264d9bed8d045ede68da\">\n.flex_cell.av-7psrc6-245c68d6843d264d9bed8d045ede68da{\nvertical-align:middle;\n}\n.responsive #top #wrap_all .flex_cell.av-7psrc6-245c68d6843d264d9bed8d045ede68da{\npadding:50px 50px 50px 50px !important;\n}\n<\/style>\n<div class='flex_cell av-7psrc6-245c68d6843d264d9bed8d045ede68da av-gridrow-cell av_one_half no_margin  avia-builder-el-11  el_before_av_cell_one_half  avia-builder-el-first  flexfirst' ><div class='flex_cell_inner'><section  class='av_textblock_section av-5txrt2-b83e128e2e11be2f0e1dab94b260fa95 '   itemscope=\"itemscope\" itemtype=\"https:\/\/schema.org\/CreativeWork\" ><div class='avia_textblock'  itemprop=\"text\" ><p>En r\u00e8gle g\u00e9n\u00e9rale, deux fois par semaine (le plus souvent les vendredis et samedis, sur demande ou de mani\u00e8re tout \u00e0 fait spontan\u00e9e), notre \u00e9quipe te pr\u00e9pare un d\u00eener (menu \u00e0 trois plats, 45 &#8211; 47 CHF selon le menu). Nous te prions de t&rsquo;inscrire \u00e0 l&rsquo;avance.<br \/>\nLes autres jours, nous pouvons te proposer, sur r\u00e9servation, notre chol\u00e9ra de la vall\u00e9e de Conches fait maison. Tu trouveras \u00e0 tout moment une offre de boissons s\u00e9lectionn\u00e9es \u00e0 notre buffet en libre-service. Laisse-toi surprendre.<\/p>\n<p>En alternative, tu trouveras \u00e0 M\u00fcnster et dans les environs d&rsquo;excellents restaurants et des auberges rustiques. Nous nous ferons un plaisir de r\u00e9server une table pour toi.<\/p>\n<\/div><\/section>\n<\/div><\/div>\n<style type=\"text\/css\" data-created_by=\"avia_inline_auto\" id=\"style-css-av-49rqli-0f7aa0b4b311973290f9e0994cd967ae\">\n.flex_cell.av-49rqli-0f7aa0b4b311973290f9e0994cd967ae{\nvertical-align:top;\n}\n.responsive #top #wrap_all .flex_cell.av-49rqli-0f7aa0b4b311973290f9e0994cd967ae{\npadding:30px 30px 30px 30px !important;\n}\n<\/style>\n<div class='flex_cell av-49rqli-0f7aa0b4b311973290f9e0994cd967ae av-gridrow-cell av_one_half no_margin  avia-builder-el-13  el_after_av_cell_one_half  avia-builder-el-last  flexlast' ><div class='flex_cell_inner'>\n<style type=\"text\/css\" data-created_by=\"avia_inline_auto\" id=\"style-css-av-32wyh2-a9dbbd8e81e87f9858e37a4f3864d454\">\n.avia-image-container.av-32wyh2-a9dbbd8e81e87f9858e37a4f3864d454 img.avia_image{\nbox-shadow:none;\n}\n.avia-image-container.av-32wyh2-a9dbbd8e81e87f9858e37a4f3864d454 .av-image-caption-overlay-center{\ncolor:#ffffff;\n}\n<\/style>\n<div  class='avia-image-container av-32wyh2-a9dbbd8e81e87f9858e37a4f3864d454 av-styling- avia-align-center  avia-builder-el-14  avia-builder-el-no-sibling '   itemprop=\"image\" itemscope=\"itemscope\" itemtype=\"https:\/\/schema.org\/ImageObject\" ><div class=\"avia-image-container-inner\"><div class=\"avia-image-overlay-wrap\"><img decoding=\"async\" class='wp-image-4611 avia-img-lazy-loading-not-4611 avia_image ' src=\"https:\/\/berglodgegoms.ch\/wp-content\/uploads\/berglodge-goms-abendessen.jpg\" alt='' title='berglodge-goms-abendessen'  height=\"334\" width=\"500\"  itemprop=\"thumbnailUrl\" srcset=\"https:\/\/berglodgegoms.ch\/wp-content\/uploads\/berglodge-goms-abendessen.jpg 500w, https:\/\/berglodgegoms.ch\/wp-content\/uploads\/berglodge-goms-abendessen-300x200.jpg 300w\" sizes=\"(max-width: 500px) 100vw, 500px\" \/><\/div><\/div><\/div>\n<\/div><\/div><\/div>\n","protected":false},"excerpt":{"rendered":"","protected":false},"author":3,"featured_media":0,"parent":0,"menu_order":20,"comment_status":"closed","ping_status":"closed","template":"","meta":{"footnotes":""},"class_list":["post-5506","page","type-page","status-publish","hentry"],"yoast_head":"<!-- This site is optimized with the Yoast SEO plugin v27.4 - https:\/\/yoast.com\/product\/yoast-seo-wordpress\/ -->\n<title>Repas - Berglodge Goms<\/title>\n<meta name=\"robots\" content=\"index, follow, max-snippet:-1, max-image-preview:large, max-video-preview:-1\" \/>\n<link rel=\"canonical\" href=\"https:\/\/berglodgegoms.ch\/fr\/repas\/\" \/>\n<meta property=\"og:locale\" content=\"fr_FR\" \/>\n<meta property=\"og:type\" content=\"article\" \/>\n<meta property=\"og:title\" content=\"Repas - Berglodge Goms\" \/>\n<meta property=\"og:url\" content=\"https:\/\/berglodgegoms.ch\/fr\/repas\/\" \/>\n<meta property=\"og:site_name\" content=\"Berglodge Goms\" \/>\n<meta property=\"article:publisher\" content=\"https:\/\/www.facebook.com\/berglodgegoms\" \/>\n<meta property=\"article:modified_time\" content=\"2024-11-23T16:42:49+00:00\" \/>\n<meta name=\"twitter:card\" content=\"summary_large_image\" \/>\n<meta name=\"twitter:label1\" content=\"Dur\u00e9e de lecture estim\u00e9e\" \/>\n\t<meta name=\"twitter:data1\" content=\"2 minutes\" \/>\n<script type=\"application\/ld+json\" class=\"yoast-schema-graph\">{\"@context\":\"https:\\\/\\\/schema.org\",\"@graph\":[{\"@type\":\"WebPage\",\"@id\":\"https:\\\/\\\/berglodgegoms.ch\\\/fr\\\/repas\\\/\",\"url\":\"https:\\\/\\\/berglodgegoms.ch\\\/fr\\\/repas\\\/\",\"name\":\"Repas - Berglodge Goms\",\"isPartOf\":{\"@id\":\"https:\\\/\\\/berglodgegoms.ch\\\/fr\\\/#website\"},\"datePublished\":\"2022-12-08T20:09:14+00:00\",\"dateModified\":\"2024-11-23T16:42:49+00:00\",\"breadcrumb\":{\"@id\":\"https:\\\/\\\/berglodgegoms.ch\\\/fr\\\/repas\\\/#breadcrumb\"},\"inLanguage\":\"fr-FR\",\"potentialAction\":[{\"@type\":\"ReadAction\",\"target\":[\"https:\\\/\\\/berglodgegoms.ch\\\/fr\\\/repas\\\/\"]}]},{\"@type\":\"BreadcrumbList\",\"@id\":\"https:\\\/\\\/berglodgegoms.ch\\\/fr\\\/repas\\\/#breadcrumb\",\"itemListElement\":[{\"@type\":\"ListItem\",\"position\":1,\"name\":\"Home\",\"item\":\"https:\\\/\\\/berglodgegoms.ch\\\/fr\\\/le-refuge-de-montagne-en-valais\\\/\"},{\"@type\":\"ListItem\",\"position\":2,\"name\":\"Repas\"}]},{\"@type\":\"WebSite\",\"@id\":\"https:\\\/\\\/berglodgegoms.ch\\\/fr\\\/#website\",\"url\":\"https:\\\/\\\/berglodgegoms.ch\\\/fr\\\/\",\"name\":\"Berglodge Goms\",\"description\":\"Hotel in M\u00fcnster - Goms - Wallis - Yoga - Langlauf\",\"publisher\":{\"@id\":\"https:\\\/\\\/berglodgegoms.ch\\\/fr\\\/#organization\"},\"potentialAction\":[{\"@type\":\"SearchAction\",\"target\":{\"@type\":\"EntryPoint\",\"urlTemplate\":\"https:\\\/\\\/berglodgegoms.ch\\\/fr\\\/?s={search_term_string}\"},\"query-input\":{\"@type\":\"PropertyValueSpecification\",\"valueRequired\":true,\"valueName\":\"search_term_string\"}}],\"inLanguage\":\"fr-FR\"},{\"@type\":\"Organization\",\"@id\":\"https:\\\/\\\/berglodgegoms.ch\\\/fr\\\/#organization\",\"name\":\"Berglodge Goms\",\"url\":\"https:\\\/\\\/berglodgegoms.ch\\\/fr\\\/\",\"logo\":{\"@type\":\"ImageObject\",\"inLanguage\":\"fr-FR\",\"@id\":\"https:\\\/\\\/berglodgegoms.ch\\\/fr\\\/#\\\/schema\\\/logo\\\/image\\\/\",\"url\":\"https:\\\/\\\/berglodgegoms.ch\\\/wp-content\\\/uploads\\\/berglodgegoms196.jpg\",\"contentUrl\":\"https:\\\/\\\/berglodgegoms.ch\\\/wp-content\\\/uploads\\\/berglodgegoms196.jpg\",\"width\":1646,\"height\":1339,\"caption\":\"Berglodge Goms\"},\"image\":{\"@id\":\"https:\\\/\\\/berglodgegoms.ch\\\/fr\\\/#\\\/schema\\\/logo\\\/image\\\/\"},\"sameAs\":[\"https:\\\/\\\/www.facebook.com\\\/berglodgegoms\",\"https:\\\/\\\/www.instagram.com\\\/berglodgegoms\\\/\"]}]}<\/script>\n<!-- \/ Yoast SEO plugin. -->","yoast_head_json":{"title":"Repas - Berglodge Goms","robots":{"index":"index","follow":"follow","max-snippet":"max-snippet:-1","max-image-preview":"max-image-preview:large","max-video-preview":"max-video-preview:-1"},"canonical":"https:\/\/berglodgegoms.ch\/fr\/repas\/","og_locale":"fr_FR","og_type":"article","og_title":"Repas - Berglodge Goms","og_url":"https:\/\/berglodgegoms.ch\/fr\/repas\/","og_site_name":"Berglodge Goms","article_publisher":"https:\/\/www.facebook.com\/berglodgegoms","article_modified_time":"2024-11-23T16:42:49+00:00","twitter_card":"summary_large_image","twitter_misc":{"Dur\u00e9e de lecture estim\u00e9e":"2 minutes"},"schema":{"@context":"https:\/\/schema.org","@graph":[{"@type":"WebPage","@id":"https:\/\/berglodgegoms.ch\/fr\/repas\/","url":"https:\/\/berglodgegoms.ch\/fr\/repas\/","name":"Repas - Berglodge Goms","isPartOf":{"@id":"https:\/\/berglodgegoms.ch\/fr\/#website"},"datePublished":"2022-12-08T20:09:14+00:00","dateModified":"2024-11-23T16:42:49+00:00","breadcrumb":{"@id":"https:\/\/berglodgegoms.ch\/fr\/repas\/#breadcrumb"},"inLanguage":"fr-FR","potentialAction":[{"@type":"ReadAction","target":["https:\/\/berglodgegoms.ch\/fr\/repas\/"]}]},{"@type":"BreadcrumbList","@id":"https:\/\/berglodgegoms.ch\/fr\/repas\/#breadcrumb","itemListElement":[{"@type":"ListItem","position":1,"name":"Home","item":"https:\/\/berglodgegoms.ch\/fr\/le-refuge-de-montagne-en-valais\/"},{"@type":"ListItem","position":2,"name":"Repas"}]},{"@type":"WebSite","@id":"https:\/\/berglodgegoms.ch\/fr\/#website","url":"https:\/\/berglodgegoms.ch\/fr\/","name":"Berglodge Goms","description":"Hotel in M\u00fcnster - Goms - Wallis - Yoga - Langlauf","publisher":{"@id":"https:\/\/berglodgegoms.ch\/fr\/#organization"},"potentialAction":[{"@type":"SearchAction","target":{"@type":"EntryPoint","urlTemplate":"https:\/\/berglodgegoms.ch\/fr\/?s={search_term_string}"},"query-input":{"@type":"PropertyValueSpecification","valueRequired":true,"valueName":"search_term_string"}}],"inLanguage":"fr-FR"},{"@type":"Organization","@id":"https:\/\/berglodgegoms.ch\/fr\/#organization","name":"Berglodge Goms","url":"https:\/\/berglodgegoms.ch\/fr\/","logo":{"@type":"ImageObject","inLanguage":"fr-FR","@id":"https:\/\/berglodgegoms.ch\/fr\/#\/schema\/logo\/image\/","url":"https:\/\/berglodgegoms.ch\/wp-content\/uploads\/berglodgegoms196.jpg","contentUrl":"https:\/\/berglodgegoms.ch\/wp-content\/uploads\/berglodgegoms196.jpg","width":1646,"height":1339,"caption":"Berglodge Goms"},"image":{"@id":"https:\/\/berglodgegoms.ch\/fr\/#\/schema\/logo\/image\/"},"sameAs":["https:\/\/www.facebook.com\/berglodgegoms","https:\/\/www.instagram.com\/berglodgegoms\/"]}]}},"_links":{"self":[{"href":"https:\/\/berglodgegoms.ch\/fr\/wp-json\/wp\/v2\/pages\/5506","targetHints":{"allow":["GET"]}}],"collection":[{"href":"https:\/\/berglodgegoms.ch\/fr\/wp-json\/wp\/v2\/pages"}],"about":[{"href":"https:\/\/berglodgegoms.ch\/fr\/wp-json\/wp\/v2\/types\/page"}],"author":[{"embeddable":true,"href":"https:\/\/berglodgegoms.ch\/fr\/wp-json\/wp\/v2\/users\/3"}],"replies":[{"embeddable":true,"href":"https:\/\/berglodgegoms.ch\/fr\/wp-json\/wp\/v2\/comments?post=5506"}],"version-history":[{"count":5,"href":"https:\/\/berglodgegoms.ch\/fr\/wp-json\/wp\/v2\/pages\/5506\/revisions"}],"predecessor-version":[{"id":6985,"href":"https:\/\/berglodgegoms.ch\/fr\/wp-json\/wp\/v2\/pages\/5506\/revisions\/6985"}],"wp:attachment":[{"href":"https:\/\/berglodgegoms.ch\/fr\/wp-json\/wp\/v2\/media?parent=5506"}],"curies":[{"name":"wp","href":"https:\/\/api.w.org\/{rel}","templated":true}]}}