{"id":5522,"date":"2022-12-07T16:07:22","date_gmt":"2022-12-07T15:07:22","guid":{"rendered":"https:\/\/berglodgegoms.ch\/?page_id=5522"},"modified":"2022-12-16T17:58:14","modified_gmt":"2022-12-16T16:58:14","slug":"hotel","status":"publish","type":"page","link":"https:\/\/berglodgegoms.ch\/fr\/hotel\/","title":{"rendered":"H\u00f4tel"},"content":{"rendered":"<div id='av-layout-grid-1'  class='av-layout-grid-container av-3u0luo-a457ac02a2a3e05c343ac6fb4cca8413 entry-content-wrapper main_color av-flex-cells  avia-builder-el-0  el_before_av_section  avia-builder-el-first  h1-gitterreihe-medium  container_wrap fullsize'  >\n<div class='flex_cell av-2z950w-c25f11de8d4b2133c8a7ecdd0afdaff2 av-gridrow-cell av_one_full no_margin  avia-builder-el-1  avia-builder-el-no-sibling ' ><div class='flex_cell_inner'><p>\n<style type=\"text\/css\" data-created_by=\"avia_inline_auto\" id=\"style-css-av-lbf84tam-5800ca2d0c3f0090a03264148a9095f0\">\n#top .av-special-heading.av-lbf84tam-5800ca2d0c3f0090a03264148a9095f0{\npadding-bottom:30px;\n}\nbody .av-special-heading.av-lbf84tam-5800ca2d0c3f0090a03264148a9095f0 .av-special-heading-tag .heading-char{\nfont-size:25px;\n}\n.av-special-heading.av-lbf84tam-5800ca2d0c3f0090a03264148a9095f0 .av-subheading{\nfont-size:15px;\n}\n<\/style>\n<div  class='av-special-heading av-lbf84tam-5800ca2d0c3f0090a03264148a9095f0 av-special-heading-h1 blockquote modern-quote  avia-builder-el-2  el_before_av_textblock  avia-builder-el-first '><h1 class='av-special-heading-tag'  itemprop=\"headline\"  >Berglodge Goms \u2013 l\u2019h\u00f4tel<\/h1><div class=\"special-heading-border\"><div class=\"special-heading-inner-border\"><\/div><\/div><\/div><br \/>\n<section  class='av_textblock_section av-lbf8571z-c309d610f9eed7f0e7534aaa2e9954c0 '   itemscope=\"itemscope\" itemtype=\"https:\/\/schema.org\/CreativeWork\" ><div class='avia_textblock'  itemprop=\"text\" ><p>Le Berglodge Goms dispose de 13 chambres doubles avec WC\/douche et balcon, d&rsquo;un salon confortable avec coin lecture, d&rsquo;une grande salle \u00e0 manger ainsi que d&rsquo;une salle multifonctionnelle \u00e0 r\u00e9server dans les combles pour des s\u00e9minaires , des cours de yoga et plus encore. Le grand jardin invite \u00e0 la d\u00e9tente et \u00e0 la relaxation. Un sauna est \u00e0 ta disposition dans la \u00ab\u00a0centrale \u00e9lectrique\u00a0\u00bb (b\u00e2timent annexe) pour un usage exclusif*. Nous produisons notre \u00e9lectricit\u00e9 solaire sur le toit du b\u00e2timent annexe.<\/p>\n<\/div><\/section><br \/>\n<div  class='avia-buttonrow-wrap av-lbf8pryd-c01bf4af8b385edd60cd5c84784f95e7 avia-buttonrow-left  avia-builder-el-4  el_after_av_textblock  avia-builder-el-last '>\n\n<style type=\"text\/css\" data-created_by=\"avia_inline_auto\" id=\"style-css-av-lbf8pqx9-4bb20c9127705696a8e6c312f163fe69\">\n#top #wrap_all .avia-button.av-lbf8pqx9-4bb20c9127705696a8e6c312f163fe69{\nmargin-bottom:5px;\nmargin-right:5px;\n}\n<\/style>\n<a href='#equipement'  class='avia-button av-lbf8pqx9-4bb20c9127705696a8e6c312f163fe69 avia-icon_select-no avia-size-medium avia-color-theme-color'  title=\"Zimmer suchen und buchen\"><span class='avia_iconbox_title' >\u00c9quipement<\/span><\/a>\n<\/div><\/p>\n<\/div><\/div>\n<\/div>\n<div id='av_section_1'  class='avia-section av-j575h-17-69b2293b93ca9e09bfb4255809798791 main_color avia-section-large avia-no-border-styling  avia-builder-el-5  el_after_av_layout_row  el_before_av_layout_row  avia-bg-style-scroll container_wrap fullsize'  ><div class='container av-section-cont-open' ><div class='template-page content  av-content-full alpha units'><div class='post-entry post-entry-type-page post-entry-5522'><div class='entry-content-wrapper clearfix'>\n\n<style type=\"text\/css\" data-created_by=\"avia_inline_auto\" id=\"style-css-av-khbnbuok-bec9f7900db02bdfce1d24ae141f5cb0\">\n#top .av-special-heading.av-khbnbuok-bec9f7900db02bdfce1d24ae141f5cb0{\npadding-bottom:10px;\n}\nbody .av-special-heading.av-khbnbuok-bec9f7900db02bdfce1d24ae141f5cb0 .av-special-heading-tag .heading-char{\nfont-size:25px;\n}\n.av-special-heading.av-khbnbuok-bec9f7900db02bdfce1d24ae141f5cb0 .av-subheading{\nfont-size:15px;\n}\n<\/style>\n<div  class='av-special-heading av-khbnbuok-bec9f7900db02bdfce1d24ae141f5cb0 av-special-heading-h2 blockquote modern-quote modern-centered  avia-builder-el-6  avia-builder-el-no-sibling '><h2 class='av-special-heading-tag'  itemprop=\"headline\"  >L\u2019architecture<\/h2><div class=\"special-heading-border\"><div class=\"special-heading-inner-border\"><\/div><\/div><\/div>\n\n<\/div><\/div><\/div><!-- close content main div --><\/div><\/div><div id='av-layout-grid-2'  class='av-layout-grid-container av-kgc88qmu-5-ce428d2143dea320ac524a13fb76ba90 entry-content-wrapper main_color av-flex-cells  avia-builder-el-7  el_after_av_section  el_before_av_section  gitterreihe-medium grid-row-not-first  container_wrap fullsize'  >\n\n<style type=\"text\/css\" data-created_by=\"avia_inline_auto\" id=\"style-css-av-1d9rz-4-399a5039695704980acc02a3d3a271ce\">\n.flex_cell.av-1d9rz-4-399a5039695704980acc02a3d3a271ce{\nvertical-align:middle;\n}\n.responsive #top #wrap_all .flex_cell.av-1d9rz-4-399a5039695704980acc02a3d3a271ce{\npadding:50px 50px 50px 50px !important;\n}\n<\/style>\n<div class='flex_cell av-1d9rz-4-399a5039695704980acc02a3d3a271ce av-gridrow-cell av_one_half no_margin  avia-builder-el-8  el_before_av_cell_one_half  avia-builder-el-first  flexfirst' ><div class='flex_cell_inner'><section  class='av_textblock_section av-kgc4lvbl-1-4863acf0fd9bbeca643c845fe2ad27de '   itemscope=\"itemscope\" itemtype=\"https:\/\/schema.org\/CreativeWork\" ><div class='avia_textblock'  itemprop=\"text\" ><p>La Berglodge Goms a \u00e9t\u00e9 enti\u00e8rement construite avec du bois de m\u00e9l\u00e8ze et d&rsquo;\u00e9pic\u00e9a indig\u00e8ne et non trait\u00e9. Une nuit \u00e0 la Berglodge Goms cr\u00e9e ainsi la possibilit\u00e9 de vivre de pr\u00e8s la culture de construction des b\u00e2timents traditionnels en bois tricot\u00e9 et de conserver ainsi un lien avec l&rsquo;histoire locale.<\/p>\n<\/div><\/section>\n<\/div><\/div>\n<style type=\"text\/css\" data-created_by=\"avia_inline_auto\" id=\"style-css-av-14wmb-2-00840fcde47d26016ae694a159ed847c\">\n.flex_cell.av-14wmb-2-00840fcde47d26016ae694a159ed847c{\nvertical-align:top;\n}\n.responsive #top #wrap_all .flex_cell.av-14wmb-2-00840fcde47d26016ae694a159ed847c{\npadding:30px 30px 30px 30px !important;\n}\n<\/style>\n<div class='flex_cell av-14wmb-2-00840fcde47d26016ae694a159ed847c av-gridrow-cell av_one_half no_margin  avia-builder-el-10  el_after_av_cell_one_half  avia-builder-el-last  flexlast' ><div class='flex_cell_inner'>\n<style type=\"text\/css\" data-created_by=\"avia_inline_auto\" id=\"style-css-av-kgc8d39f-3-26dc6e54ec393a510dc8608b21e59642\">\n.avia-image-container.av-kgc8d39f-3-26dc6e54ec393a510dc8608b21e59642 img.avia_image{\nbox-shadow:none;\n}\n.avia-image-container.av-kgc8d39f-3-26dc6e54ec393a510dc8608b21e59642 .av-image-caption-overlay-center{\ncolor:#ffffff;\n}\n<\/style>\n<div  class='avia-image-container av-kgc8d39f-3-26dc6e54ec393a510dc8608b21e59642 av-styling- avia-align-center  avia-builder-el-11  avia-builder-el-no-sibling '   itemprop=\"image\" itemscope=\"itemscope\" itemtype=\"https:\/\/schema.org\/ImageObject\" ><div class=\"avia-image-container-inner\"><div class=\"avia-image-overlay-wrap\"><img decoding=\"async\" class='wp-image-3478 avia-img-lazy-loading-not-3478 avia_image ' src=\"https:\/\/berglodgegoms.ch\/wp-content\/uploads\/berglodge-goms-01-1.jpg\" alt='Berglodge Goms, ein kleines Hotel in M\u00fcnster' title='berglodge-goms-01'  height=\"600\" width=\"900\"  itemprop=\"thumbnailUrl\" srcset=\"https:\/\/berglodgegoms.ch\/wp-content\/uploads\/berglodge-goms-01-1.jpg 900w, https:\/\/berglodgegoms.ch\/wp-content\/uploads\/berglodge-goms-01-1-300x200.jpg 300w, https:\/\/berglodgegoms.ch\/wp-content\/uploads\/berglodge-goms-01-1-768x512.jpg 768w, https:\/\/berglodgegoms.ch\/wp-content\/uploads\/berglodge-goms-01-1-705x470.jpg 705w\" sizes=\"(max-width: 900px) 100vw, 900px\" \/><\/div><\/div><\/div>\n<\/div><\/div>\n<\/div>\n<div id='av_section_2'  class='avia-section av-343lw0-ffe33ec1a737dc683e0aa82bbcb07780 main_color avia-section-large avia-no-border-styling  avia-builder-el-12  el_after_av_layout_row  el_before_av_layout_row  avia-bg-style-scroll container_wrap fullsize'  ><div class='container av-section-cont-open' ><div class='template-page content  av-content-full alpha units'><div class='post-entry post-entry-type-page post-entry-5522'><div class='entry-content-wrapper clearfix'>\n\n<style type=\"text\/css\" data-created_by=\"avia_inline_auto\" id=\"style-css-av-lbf8kfxp-e6cae4fd80b2ff9e271fbc6d6a00aace\">\n#top .av-special-heading.av-lbf8kfxp-e6cae4fd80b2ff9e271fbc6d6a00aace{\npadding-bottom:10px;\n}\nbody .av-special-heading.av-lbf8kfxp-e6cae4fd80b2ff9e271fbc6d6a00aace .av-special-heading-tag .heading-char{\nfont-size:25px;\n}\n.av-special-heading.av-lbf8kfxp-e6cae4fd80b2ff9e271fbc6d6a00aace .av-subheading{\nfont-size:15px;\n}\n<\/style>\n<div  class='av-special-heading av-lbf8kfxp-e6cae4fd80b2ff9e271fbc6d6a00aace av-special-heading-h2 blockquote modern-quote modern-centered  avia-builder-el-13  avia-builder-el-no-sibling '><h2 class='av-special-heading-tag'  itemprop=\"headline\"  >H\u00f4tel design et lifestyle<\/h2><div class=\"special-heading-border\"><div class=\"special-heading-inner-border\"><\/div><\/div><\/div>\n\n<\/div><\/div><\/div><!-- close content main div --><\/div><\/div><div id='av-layout-grid-3'  class='av-layout-grid-container av-kgc88qmu-16-123cba07737cde8a8db0bd4de705869e entry-content-wrapper main_color av-flex-cells  avia-builder-el-14  el_after_av_section  el_before_av_layout_row  gitterreihe-medium grid-row-not-first  container_wrap fullsize'  >\n\n<style type=\"text\/css\" data-created_by=\"avia_inline_auto\" id=\"style-css-av-1d9rz-15-20a1bb2bd6fb3c206de35d31004fb4e4\">\n.flex_cell.av-1d9rz-15-20a1bb2bd6fb3c206de35d31004fb4e4{\nvertical-align:middle;\n}\n.responsive #top #wrap_all .flex_cell.av-1d9rz-15-20a1bb2bd6fb3c206de35d31004fb4e4{\npadding:30px 30px 30px 30px !important;\n}\n<\/style>\n<div class='flex_cell av-1d9rz-15-20a1bb2bd6fb3c206de35d31004fb4e4 av-gridrow-cell av_one_half no_margin  avia-builder-el-15  el_before_av_cell_one_half  avia-builder-el-first ' ><div class='flex_cell_inner'>\n<style type=\"text\/css\" data-created_by=\"avia_inline_auto\" id=\"style-css-av-kgc8d39f-8e5bf507476e9efb463601dc7403d0cb\">\n.avia-image-container.av-kgc8d39f-8e5bf507476e9efb463601dc7403d0cb img.avia_image{\nbox-shadow:none;\n}\n.avia-image-container.av-kgc8d39f-8e5bf507476e9efb463601dc7403d0cb .av-image-caption-overlay-center{\ncolor:#ffffff;\n}\n<\/style>\n<div  class='avia-image-container av-kgc8d39f-8e5bf507476e9efb463601dc7403d0cb av-styling- avia-align-center  avia-builder-el-16  avia-builder-el-no-sibling '   itemprop=\"image\" itemscope=\"itemscope\" itemtype=\"https:\/\/schema.org\/ImageObject\" ><div class=\"avia-image-container-inner\"><div class=\"avia-image-overlay-wrap\"><img decoding=\"async\" class='wp-image-3460 avia-img-lazy-loading-not-3460 avia_image ' src=\"https:\/\/berglodgegoms.ch\/wp-content\/uploads\/berglodge-goms-zimmer-03.jpg\" alt='Chambre Berglodge Goms, M\u00fcnster' title='Chambre Berglodge Goms, M\u00fcnster'  height=\"600\" width=\"900\"  itemprop=\"thumbnailUrl\" srcset=\"https:\/\/berglodgegoms.ch\/wp-content\/uploads\/berglodge-goms-zimmer-03.jpg 900w, https:\/\/berglodgegoms.ch\/wp-content\/uploads\/berglodge-goms-zimmer-03-300x200.jpg 300w, https:\/\/berglodgegoms.ch\/wp-content\/uploads\/berglodge-goms-zimmer-03-768x512.jpg 768w, https:\/\/berglodgegoms.ch\/wp-content\/uploads\/berglodge-goms-zimmer-03-705x470.jpg 705w\" sizes=\"(max-width: 900px) 100vw, 900px\" \/><\/div><\/div><\/div>\n<\/div><\/div>\n<style type=\"text\/css\" data-created_by=\"avia_inline_auto\" id=\"style-css-av-14wmb-13-c156fe1bb4b352cd61989d57c23d888a\">\n.flex_cell.av-14wmb-13-c156fe1bb4b352cd61989d57c23d888a{\nvertical-align:middle;\n}\n.responsive #top #wrap_all .flex_cell.av-14wmb-13-c156fe1bb4b352cd61989d57c23d888a{\npadding:50px 50px 50px 50px !important;\n}\n<\/style>\n<div class='flex_cell av-14wmb-13-c156fe1bb4b352cd61989d57c23d888a av-gridrow-cell av_one_half no_margin  avia-builder-el-17  el_after_av_cell_one_half  avia-builder-el-last ' ><div class='flex_cell_inner'><section  class='av_textblock_section av-kgc4lvbl-6-a3ac4d6d936180d8a4182aba25286bf9 '   itemscope=\"itemscope\" itemtype=\"https:\/\/schema.org\/CreativeWork\" ><div class='avia_textblock'  itemprop=\"text\" ><p>Le Berglodge Goms a pass\u00e9 avec succ\u00e8s la proc\u00e9dure de classification exigeante d&rsquo;HotellerieSuisse pour la cat\u00e9gorie de sp\u00e9cialisation <a href=\"https:\/\/www.hotelleriesuisse.ch\/de\/leistungen-und-support\/klassifikation\/spezialisierungen\/architecture-design\" target=\"_blank\" rel=\"noopener\">\u00ab\u00a0Design &amp; Lifestyle\u00a0\u00bb<\/a> en obtenant le maximum de points. Un h\u00f4tel design et lifestyle repose sur un concept global mis en \u0153uvre de mani\u00e8re coh\u00e9rente et qui trouve son expression esth\u00e9tique dans le design, l&rsquo;architecture (int\u00e9rieure) et la qualit\u00e9 des services.<\/p>\n<\/div><\/section>\n<\/div><\/div>\n<\/div>\n<div id='equipement'  class='av-layout-grid-container av-4jv8xs-6d8d0fb87e02e43a69345015295a31ef entry-content-wrapper main_color av-flex-cells  avia-builder-el-19  el_after_av_layout_row  avia-builder-el-last  gitterreihe-medium grid-row-not-first  container_wrap fullsize'  >\n\n<style type=\"text\/css\" data-created_by=\"avia_inline_auto\" id=\"style-css-av-2p1k00-b98712ef47a005647a5a280836180564\">\n.flex_cell.av-2p1k00-b98712ef47a005647a5a280836180564{\nvertical-align:middle;\n}\n.responsive #top #wrap_all .flex_cell.av-2p1k00-b98712ef47a005647a5a280836180564{\npadding:50px 50px 50px 50px !important;\n}\n<\/style>\n<div class='flex_cell av-2p1k00-b98712ef47a005647a5a280836180564 av-gridrow-cell av_one_full no_margin  avia-builder-el-20  avia-builder-el-no-sibling  flexfirst' ><div class='flex_cell_inner'><section  class='av_textblock_section av-lbf8s1ou-334ea4148c08a17bb0aaf1470b598b62 '   itemscope=\"itemscope\" itemtype=\"https:\/\/schema.org\/CreativeWork\" ><div class='avia_textblock'  itemprop=\"text\" ><div>\n<div class=\"av-subheading av-subheading_below \">\n<p><strong>Equipement de la maison<\/strong><\/p>\n<\/div>\n<p>petit d\u00e9jeuner buffet gratuit, salles de s\u00e9minaire, salle de mouvement, studio de yoga \u00ab\u00a0Yoga Goms\u00a0\u00bb, parking (8 places) devant la maison, bar\/lounge, bar en libre-service, classification de l&rsquo;h\u00f4tel Design &amp; Lifestyle Hotel, h\u00f4tel de sports de neige et de randonn\u00e9e, h\u00f4tel non-fumeur, h\u00f4tel bio, h\u00f4tel pour adultes : les enfants \u00e0 partir de 11 ans sont les bienvenus, terrasse ensoleill\u00e9e, jardin naturel<\/p>\n<div>\n<div class=\"av-subheading av-subheading_below \">\n<p><strong>Equipement des chambres<\/strong><\/p>\n<\/div>\n<p>Chambre pour personnes allergiques, lits naturels de H\u00fcsler Nest, bureau, armoire, douche de plain-pied, rideaux occultants, balcon priv\u00e9, salle de bain\/WC priv\u00e9s, s\u00e8che-cheveux<\/p>\n<\/div>\n<div>\n<div class=\"av-subheading av-subheading_below \">\n<p><strong>Dans la r\u00e9gion \/ \u00e0 proximit\u00e9<\/strong><\/p>\n<\/div>\n<p>Minigolf, court de tennis, randonn\u00e9e, sports d&rsquo;hiver, \u00e9cole de ski &amp; location de ski, escalade, excursions dans la nature, alpinisme, golf, randonn\u00e9es en haute montagne.<\/p>\n<\/div>\n<div>\n<div class=\"av-subheading av-subheading_below \">\n<p><strong>Types de chambres<\/strong><\/p>\n<\/div>\n<p>Toutes les chambres avec vue sur les montagnes ou le quartier environnant.<\/p>\n<\/div>\n<div class=\"av-subheading av-subheading_below \">\n<div>\n<div class=\"av-subheading av-subheading_below \">\n<p><strong>*Services exclusifs<\/strong><\/p>\n<\/div>\n<ul>\n<li>Sauna : pour 1 &#8211; 3 personnes, 60 min.\/25 francs par personne<\/li>\n<li>Cours de ski de fond : \u00e0 l&rsquo;\u00e9cole de ski de fond de l&rsquo;\u00e9tablissement, selon le tarif.<\/li>\n<li>Cours de yoga : 75 min. \/ 25 francs<\/li>\n<li>Massage : \u00e0 partir de 60 francs<\/li>\n<li>Station de recharge de type 2 pour v\u00e9hicules \u00e9lectriques, propre \u00e9lectricit\u00e9 solaire : selon tarif<\/li>\n<\/ul>\n<\/div>\n<div class=\"av-subheading av-subheading_below \"><\/div>\n<\/div>\n<\/div>\n<\/div><\/section>\n<\/div><\/div>\n<\/div>\n","protected":false},"excerpt":{"rendered":"","protected":false},"author":3,"featured_media":0,"parent":0,"menu_order":15,"comment_status":"closed","ping_status":"closed","template":"","meta":{"footnotes":""},"class_list":["post-5522","page","type-page","status-publish","hentry"],"yoast_head":"<!-- This site is optimized with the Yoast SEO plugin v27.4 - https:\/\/yoast.com\/product\/yoast-seo-wordpress\/ -->\n<title>H\u00f4tel - Berglodge Goms<\/title>\n<meta name=\"robots\" content=\"index, follow, max-snippet:-1, max-image-preview:large, max-video-preview:-1\" \/>\n<link rel=\"canonical\" href=\"https:\/\/berglodgegoms.ch\/fr\/hotel\/\" \/>\n<meta property=\"og:locale\" content=\"fr_FR\" \/>\n<meta property=\"og:type\" content=\"article\" \/>\n<meta property=\"og:title\" content=\"H\u00f4tel - Berglodge Goms\" \/>\n<meta property=\"og:url\" content=\"https:\/\/berglodgegoms.ch\/fr\/hotel\/\" \/>\n<meta property=\"og:site_name\" content=\"Berglodge Goms\" \/>\n<meta property=\"article:publisher\" content=\"https:\/\/www.facebook.com\/berglodgegoms\" \/>\n<meta property=\"article:modified_time\" content=\"2022-12-16T16:58:14+00:00\" \/>\n<meta name=\"twitter:card\" content=\"summary_large_image\" \/>\n<meta name=\"twitter:label1\" content=\"Dur\u00e9e de lecture estim\u00e9e\" \/>\n\t<meta name=\"twitter:data1\" content=\"7 minutes\" \/>\n<script type=\"application\/ld+json\" class=\"yoast-schema-graph\">{\"@context\":\"https:\\\/\\\/schema.org\",\"@graph\":[{\"@type\":\"WebPage\",\"@id\":\"https:\\\/\\\/berglodgegoms.ch\\\/fr\\\/hotel\\\/\",\"url\":\"https:\\\/\\\/berglodgegoms.ch\\\/fr\\\/hotel\\\/\",\"name\":\"H\u00f4tel - Berglodge Goms\",\"isPartOf\":{\"@id\":\"https:\\\/\\\/berglodgegoms.ch\\\/fr\\\/#website\"},\"datePublished\":\"2022-12-07T15:07:22+00:00\",\"dateModified\":\"2022-12-16T16:58:14+00:00\",\"breadcrumb\":{\"@id\":\"https:\\\/\\\/berglodgegoms.ch\\\/fr\\\/hotel\\\/#breadcrumb\"},\"inLanguage\":\"fr-FR\",\"potentialAction\":[{\"@type\":\"ReadAction\",\"target\":[\"https:\\\/\\\/berglodgegoms.ch\\\/fr\\\/hotel\\\/\"]}]},{\"@type\":\"BreadcrumbList\",\"@id\":\"https:\\\/\\\/berglodgegoms.ch\\\/fr\\\/hotel\\\/#breadcrumb\",\"itemListElement\":[{\"@type\":\"ListItem\",\"position\":1,\"name\":\"Home\",\"item\":\"https:\\\/\\\/berglodgegoms.ch\\\/fr\\\/le-refuge-de-montagne-en-valais\\\/\"},{\"@type\":\"ListItem\",\"position\":2,\"name\":\"H\u00f4tel\"}]},{\"@type\":\"WebSite\",\"@id\":\"https:\\\/\\\/berglodgegoms.ch\\\/fr\\\/#website\",\"url\":\"https:\\\/\\\/berglodgegoms.ch\\\/fr\\\/\",\"name\":\"Berglodge Goms\",\"description\":\"Hotel in M\u00fcnster - Goms - Wallis - Yoga - Langlauf\",\"publisher\":{\"@id\":\"https:\\\/\\\/berglodgegoms.ch\\\/fr\\\/#organization\"},\"potentialAction\":[{\"@type\":\"SearchAction\",\"target\":{\"@type\":\"EntryPoint\",\"urlTemplate\":\"https:\\\/\\\/berglodgegoms.ch\\\/fr\\\/?s={search_term_string}\"},\"query-input\":{\"@type\":\"PropertyValueSpecification\",\"valueRequired\":true,\"valueName\":\"search_term_string\"}}],\"inLanguage\":\"fr-FR\"},{\"@type\":\"Organization\",\"@id\":\"https:\\\/\\\/berglodgegoms.ch\\\/fr\\\/#organization\",\"name\":\"Berglodge Goms\",\"url\":\"https:\\\/\\\/berglodgegoms.ch\\\/fr\\\/\",\"logo\":{\"@type\":\"ImageObject\",\"inLanguage\":\"fr-FR\",\"@id\":\"https:\\\/\\\/berglodgegoms.ch\\\/fr\\\/#\\\/schema\\\/logo\\\/image\\\/\",\"url\":\"https:\\\/\\\/berglodgegoms.ch\\\/wp-content\\\/uploads\\\/berglodgegoms196.jpg\",\"contentUrl\":\"https:\\\/\\\/berglodgegoms.ch\\\/wp-content\\\/uploads\\\/berglodgegoms196.jpg\",\"width\":1646,\"height\":1339,\"caption\":\"Berglodge Goms\"},\"image\":{\"@id\":\"https:\\\/\\\/berglodgegoms.ch\\\/fr\\\/#\\\/schema\\\/logo\\\/image\\\/\"},\"sameAs\":[\"https:\\\/\\\/www.facebook.com\\\/berglodgegoms\",\"https:\\\/\\\/www.instagram.com\\\/berglodgegoms\\\/\"]}]}<\/script>\n<!-- \/ Yoast SEO plugin. -->","yoast_head_json":{"title":"H\u00f4tel - Berglodge Goms","robots":{"index":"index","follow":"follow","max-snippet":"max-snippet:-1","max-image-preview":"max-image-preview:large","max-video-preview":"max-video-preview:-1"},"canonical":"https:\/\/berglodgegoms.ch\/fr\/hotel\/","og_locale":"fr_FR","og_type":"article","og_title":"H\u00f4tel - Berglodge Goms","og_url":"https:\/\/berglodgegoms.ch\/fr\/hotel\/","og_site_name":"Berglodge Goms","article_publisher":"https:\/\/www.facebook.com\/berglodgegoms","article_modified_time":"2022-12-16T16:58:14+00:00","twitter_card":"summary_large_image","twitter_misc":{"Dur\u00e9e de lecture estim\u00e9e":"7 minutes"},"schema":{"@context":"https:\/\/schema.org","@graph":[{"@type":"WebPage","@id":"https:\/\/berglodgegoms.ch\/fr\/hotel\/","url":"https:\/\/berglodgegoms.ch\/fr\/hotel\/","name":"H\u00f4tel - Berglodge Goms","isPartOf":{"@id":"https:\/\/berglodgegoms.ch\/fr\/#website"},"datePublished":"2022-12-07T15:07:22+00:00","dateModified":"2022-12-16T16:58:14+00:00","breadcrumb":{"@id":"https:\/\/berglodgegoms.ch\/fr\/hotel\/#breadcrumb"},"inLanguage":"fr-FR","potentialAction":[{"@type":"ReadAction","target":["https:\/\/berglodgegoms.ch\/fr\/hotel\/"]}]},{"@type":"BreadcrumbList","@id":"https:\/\/berglodgegoms.ch\/fr\/hotel\/#breadcrumb","itemListElement":[{"@type":"ListItem","position":1,"name":"Home","item":"https:\/\/berglodgegoms.ch\/fr\/le-refuge-de-montagne-en-valais\/"},{"@type":"ListItem","position":2,"name":"H\u00f4tel"}]},{"@type":"WebSite","@id":"https:\/\/berglodgegoms.ch\/fr\/#website","url":"https:\/\/berglodgegoms.ch\/fr\/","name":"Berglodge Goms","description":"Hotel in M\u00fcnster - Goms - Wallis - Yoga - Langlauf","publisher":{"@id":"https:\/\/berglodgegoms.ch\/fr\/#organization"},"potentialAction":[{"@type":"SearchAction","target":{"@type":"EntryPoint","urlTemplate":"https:\/\/berglodgegoms.ch\/fr\/?s={search_term_string}"},"query-input":{"@type":"PropertyValueSpecification","valueRequired":true,"valueName":"search_term_string"}}],"inLanguage":"fr-FR"},{"@type":"Organization","@id":"https:\/\/berglodgegoms.ch\/fr\/#organization","name":"Berglodge Goms","url":"https:\/\/berglodgegoms.ch\/fr\/","logo":{"@type":"ImageObject","inLanguage":"fr-FR","@id":"https:\/\/berglodgegoms.ch\/fr\/#\/schema\/logo\/image\/","url":"https:\/\/berglodgegoms.ch\/wp-content\/uploads\/berglodgegoms196.jpg","contentUrl":"https:\/\/berglodgegoms.ch\/wp-content\/uploads\/berglodgegoms196.jpg","width":1646,"height":1339,"caption":"Berglodge Goms"},"image":{"@id":"https:\/\/berglodgegoms.ch\/fr\/#\/schema\/logo\/image\/"},"sameAs":["https:\/\/www.facebook.com\/berglodgegoms","https:\/\/www.instagram.com\/berglodgegoms\/"]}]}},"_links":{"self":[{"href":"https:\/\/berglodgegoms.ch\/fr\/wp-json\/wp\/v2\/pages\/5522","targetHints":{"allow":["GET"]}}],"collection":[{"href":"https:\/\/berglodgegoms.ch\/fr\/wp-json\/wp\/v2\/pages"}],"about":[{"href":"https:\/\/berglodgegoms.ch\/fr\/wp-json\/wp\/v2\/types\/page"}],"author":[{"embeddable":true,"href":"https:\/\/berglodgegoms.ch\/fr\/wp-json\/wp\/v2\/users\/3"}],"replies":[{"embeddable":true,"href":"https:\/\/berglodgegoms.ch\/fr\/wp-json\/wp\/v2\/comments?post=5522"}],"version-history":[{"count":10,"href":"https:\/\/berglodgegoms.ch\/fr\/wp-json\/wp\/v2\/pages\/5522\/revisions"}],"predecessor-version":[{"id":5637,"href":"https:\/\/berglodgegoms.ch\/fr\/wp-json\/wp\/v2\/pages\/5522\/revisions\/5637"}],"wp:attachment":[{"href":"https:\/\/berglodgegoms.ch\/fr\/wp-json\/wp\/v2\/media?parent=5522"}],"curies":[{"name":"wp","href":"https:\/\/api.w.org\/{rel}","templated":true}]}}