{"id":5545,"date":"2022-12-07T16:25:27","date_gmt":"2022-12-07T15:25:27","guid":{"rendered":"https:\/\/berglodgegoms.ch\/?page_id=5545"},"modified":"2026-02-03T10:43:03","modified_gmt":"2026-02-03T09:43:03","slug":"faq","status":"publish","type":"page","link":"https:\/\/berglodgegoms.ch\/fr\/faq\/","title":{"rendered":"FAQ"},"content":{"rendered":"<div id='av_section_1'  class='avia-section av-j575h-17-69b2293b93ca9e09bfb4255809798791 main_color avia-section-large avia-no-border-styling  avia-builder-el-0  el_before_av_layout_row  avia-builder-el-first  avia-bg-style-scroll container_wrap fullsize'  ><div class='container av-section-cont-open' ><main  role=\"main\" itemprop=\"mainContentOfPage\"  class='template-page content  av-content-full alpha units'><div class='post-entry post-entry-type-page post-entry-5545'><div class='entry-content-wrapper clearfix'>\n\n<style type=\"text\/css\" data-created_by=\"avia_inline_auto\" id=\"style-css-av-khbnbuok-2430fff36b5a941695048abb9199bba3\">\n#top .av-special-heading.av-khbnbuok-2430fff36b5a941695048abb9199bba3{\npadding-bottom:10px;\n}\nbody .av-special-heading.av-khbnbuok-2430fff36b5a941695048abb9199bba3 .av-special-heading-tag .heading-char{\nfont-size:25px;\n}\n.av-special-heading.av-khbnbuok-2430fff36b5a941695048abb9199bba3 .av-subheading{\nfont-size:15px;\n}\n<\/style>\n<div  class='av-special-heading av-khbnbuok-2430fff36b5a941695048abb9199bba3 av-special-heading-h2 blockquote modern-quote modern-centered  avia-builder-el-1  avia-builder-el-no-sibling '><h2 class='av-special-heading-tag'  itemprop=\"headline\"  >FAQ<\/h2><div class=\"special-heading-border\"><div class=\"special-heading-inner-border\"><\/div><\/div><\/div>\n\n<\/div><\/div><\/main><!-- close content main element --><\/div><\/div><div id='av-layout-grid-1'  class='av-layout-grid-container av-q8kj89-6df489846a741216be3f9ecb89e02277 entry-content-wrapper main_color av-flex-cells  avia-builder-el-2  el_after_av_section  avia-builder-el-last  h1-gitterreihe-medium grid-row-not-first  container_wrap fullsize'  >\n<div class='flex_cell av-nh37rd-5e2336344faf1e6409346f5c7e23b394 av-gridrow-cell av_one_full no_margin  avia-builder-el-3  avia-builder-el-no-sibling ' ><div class='flex_cell_inner'><div  class='togglecontainer av-lw2qvd-8cda7fbfb37bd379299bf8d1f1afe7ce  avia-builder-el-4  avia-builder-el-no-sibling '  itemscope=\"itemscope\" itemtype=\"https:\/\/schema.org\/FAQPage\" >\n<section class='av_toggle_section av-k0kel5-526c2c122937184c0a81c6cb6d0b02d9'  itemscope=\"itemscope\" itemprop=\"mainEntity\" itemtype=\"https:\/\/schema.org\/Question\" ><div role=\"tablist\" class=\"single_toggle\" data-tags=\"{Tout} \"  ><p data-fake-id='#toggle-id-1' class='toggler   '  itemprop=\"name\"  role='tab' tabindex='0' aria-controls='toggle-id-1'>Qu\u2019est-ce que la Berglodge Goms ?<span class=\"toggle_icon\"><span class=\"vert_icon\"><\/span><span class=\"hor_icon\"><\/span><\/span><\/p><div id='toggle-id-1' class='toggle_wrap  '   itemscope=\"itemscope\" itemprop=\"acceptedAnswer\" itemtype=\"https:\/\/schema.org\/Answer\" ><div class='toggle_content invers-color '  itemprop=\"text\" ><p data-start=\"3638\" data-end=\"3896\">La Berglodge Goms est un h\u00f4tel design et lifestyle situ\u00e9 au c\u0153ur du Goms, en Valais, qui allie architecture, durabilit\u00e9 et d\u00e9tente. Le b\u00e2timent est construit en v\u00e9ritable bois valaisan, associ\u00e9 \u00e0 un design contemporain et \u00e0 une atmosph\u00e8re calme et naturelle.<\/p>\n<\/div><\/div><\/div><\/section>\n<section class='av_toggle_section av-jq23rd-d27fc2ab5240b881dddf21837a44ac7d'  itemscope=\"itemscope\" itemprop=\"mainEntity\" itemtype=\"https:\/\/schema.org\/Question\" ><div role=\"tablist\" class=\"single_toggle\" data-tags=\"{Tout} \"  ><p data-fake-id='#toggle-id-2' class='toggler   '  itemprop=\"name\"  role='tab' tabindex='0' aria-controls='toggle-id-2'>Qu\u2019est-ce qui rend l\u2019architecture de la Berglodge Goms unique ?<span class=\"toggle_icon\"><span class=\"vert_icon\"><\/span><span class=\"hor_icon\"><\/span><\/span><\/p><div id='toggle-id-2' class='toggle_wrap  '   itemscope=\"itemscope\" itemprop=\"acceptedAnswer\" itemtype=\"https:\/\/schema.org\/Answer\" ><div class='toggle_content invers-color '  itemprop=\"text\" ><div class=\"col-xs-12 col-sm-12 col-md-12 col-lg-12\">\n<div class=\"einleitung\">\n<p>La Berglodge Goms est une construction compacte en bois massif, r\u00e9alis\u00e9e en m\u00e9l\u00e8ze et en \u00e9pic\u00e9a locaux, dont environ 80 % proviennent du Valais. \u00c0 l\u2019int\u00e9rieur, les couleurs naturelles, les structures de bois apparentes et les formes \u00e9pur\u00e9es cr\u00e9ent une ambiance authentique et chaleureuse, fid\u00e8le \u00e0 la tradition architecturale du Goms.<\/p>\n<\/div>\n<\/div>\n<\/div><\/div><\/div><\/section>\n<section class='av_toggle_section av-h2ugp5-4cddc51cb27db5f748d933b289ffe1cb'  itemscope=\"itemscope\" itemprop=\"mainEntity\" itemtype=\"https:\/\/schema.org\/Question\" ><div role=\"tablist\" class=\"single_toggle\" data-tags=\"{Tout} \"  ><p data-fake-id='#toggle-id-3' class='toggler   '  itemprop=\"name\"  role='tab' tabindex='0' aria-controls='toggle-id-3'>Quel est le meilleur moyen d\u2019y acc\u00e9der ?<span class=\"toggle_icon\"><span class=\"vert_icon\"><\/span><span class=\"hor_icon\"><\/span><\/span><\/p><div id='toggle-id-3' class='toggle_wrap  '   itemscope=\"itemscope\" itemprop=\"acceptedAnswer\" itemtype=\"https:\/\/schema.org\/Answer\" ><div class='toggle_content invers-color '  itemprop=\"text\" ><p data-start=\"4349\" data-end=\"4525\">La Berglodge Goms est id\u00e9alement situ\u00e9e \u00e0 M\u00fcnster (Goms), \u00e0 seulement quelques minutes \u00e0 pied de la gare. L\u2019h\u00f4tel est facilement accessible en transports publics ou en voiture.<\/p>\n<p data-start=\"4527\" data-end=\"4680\">Devant la maison, 7 \u00e0 8 places de parking sont disponibles (CHF 5.\u2013 par nuit), ainsi qu\u2019une borne de recharge pour v\u00e9hicules \u00e9lectriques (11 kW, type 2).<\/p>\n<\/div><\/div><\/div><\/section>\n<section class='av_toggle_section av-f8jmrt-92c9e5026cab05e6e01c2ab3c5ccfc32'  itemscope=\"itemscope\" itemprop=\"mainEntity\" itemtype=\"https:\/\/schema.org\/Question\" ><div role=\"tablist\" class=\"single_toggle\" data-tags=\"{Tout} \"  ><p data-fake-id='#toggle-id-4' class='toggler   '  itemprop=\"name\"  role='tab' tabindex='0' aria-controls='toggle-id-4'>\u00c0 quelle distance se trouve la piste de ski de fond ?<span class=\"toggle_icon\"><span class=\"vert_icon\"><\/span><span class=\"hor_icon\"><\/span><\/span><\/p><div id='toggle-id-4' class='toggle_wrap  '   itemscope=\"itemscope\" itemprop=\"acceptedAnswer\" itemtype=\"https:\/\/schema.org\/Answer\" ><div class='toggle_content invers-color '  itemprop=\"text\" ><p>L\u2019acc\u00e8s aux pistes de ski de fond se situe \u00e0 environ 30 m\u00e8tres seulement de l\u2019h\u00f4tel \u2013 id\u00e9al pour partir directement depuis la Berglodge.<\/p>\n<\/div><\/div><\/div><\/section>\n<section class='av_toggle_section av-1dno4p-1a3e854814555ca3d5ecaaac06d55f91'  itemscope=\"itemscope\" itemprop=\"mainEntity\" itemtype=\"https:\/\/schema.org\/Question\" ><div role=\"tablist\" class=\"single_toggle\" data-tags=\"{Tout} \"  ><p data-fake-id='#toggle-id-5' class='toggler   '  itemprop=\"name\"  role='tab' tabindex='0' aria-controls='toggle-id-5'>Que signifie la construction durable \u00e0 la Berglodge ?<span class=\"toggle_icon\"><span class=\"vert_icon\"><\/span><span class=\"hor_icon\"><\/span><\/span><\/p><div id='toggle-id-5' class='toggle_wrap  '   itemscope=\"itemscope\" itemprop=\"acceptedAnswer\" itemtype=\"https:\/\/schema.org\/Answer\" ><div class='toggle_content invers-color '  itemprop=\"text\" ><p>La durabilit\u00e9 fait partie int\u00e9grante de la philosophie : la Berglodge Goms a \u00e9t\u00e9 construite avec des mat\u00e9riaux non polluants et majoritairement locaux, couvre environ 80 % de ses besoins annuels en \u00e9lectricit\u00e9 gr\u00e2ce \u00e0 une installation photovolta\u00efque et utilise exclusivement des \u00e9nergies renouvelables. Le jardin suit les principes de la permaculture et de nombreux produits proviennent de la r\u00e9gion.<\/p>\n<\/div><\/div><\/div><\/section>\n<section class='av_toggle_section av-cf7fw9-c8d5dcc95177109343e78c0bdbe4e9d5'  itemscope=\"itemscope\" itemprop=\"mainEntity\" itemtype=\"https:\/\/schema.org\/Question\" ><div role=\"tablist\" class=\"single_toggle\" data-tags=\"{Tout} \"  ><p data-fake-id='#toggle-id-6' class='toggler   '  itemprop=\"name\"  role='tab' tabindex='0' aria-controls='toggle-id-6'>La Berglodge Goms est-elle un h\u00f4tel r\u00e9serv\u00e9 aux adultes ?<span class=\"toggle_icon\"><span class=\"vert_icon\"><\/span><span class=\"hor_icon\"><\/span><\/span><\/p><div id='toggle-id-6' class='toggle_wrap  '   itemscope=\"itemscope\" itemprop=\"acceptedAnswer\" itemtype=\"https:\/\/schema.org\/Answer\" ><div class='toggle_content invers-color '  itemprop=\"text\" ><p>Oui. La Berglodge Goms est con\u00e7ue comme un h\u00f4tel Adults Only \u2013 les h\u00f4tes \u00e0 partir de 11 ans sont les bienvenus. Cela permet de pr\u00e9server une atmosph\u00e8re calme et reposante pour tous.<\/p>\n<\/div><\/div><\/div><\/section>\n<section class='av_toggle_section av-b8gy3d-be4e95a825241f764065e6564c4f6ed1'  itemscope=\"itemscope\" itemprop=\"mainEntity\" itemtype=\"https:\/\/schema.org\/Question\" ><div role=\"tablist\" class=\"single_toggle\" data-tags=\"{Tout} \"  ><p data-fake-id='#toggle-id-7' class='toggler   '  itemprop=\"name\"  role='tab' tabindex='0' aria-controls='toggle-id-7'>Peut-on manger \u00e0 l\u2019h\u00f4tel ?<span class=\"toggle_icon\"><span class=\"vert_icon\"><\/span><span class=\"hor_icon\"><\/span><\/span><\/p><div id='toggle-id-7' class='toggle_wrap  '   itemscope=\"itemscope\" itemprop=\"acceptedAnswer\" itemtype=\"https:\/\/schema.org\/Answer\" ><div class='toggle_content invers-color '  itemprop=\"text\" ><p>Oui. Les vendredis et samedis, un menu v\u00e9g\u00e9tarien en trois plats est propos\u00e9, \u00e9labor\u00e9 \u00e0 partir de produits saisonniers et r\u00e9gionaux. Certains ingr\u00e9dients proviennent m\u00eame du jardin de l\u2019h\u00f4tel.<br data-start=\"5810\" data-end=\"5813\" \/>Le petit-d\u00e9jeuner buffet est servi tous les jours de 8h \u00e0 10h et comprend une s\u00e9lection raffin\u00e9e de produits r\u00e9gionaux et biologiques, dont certains portent le label Demeter.<\/p>\n<\/div><\/div><\/div><\/section>\n<section class='av_toggle_section av-9rmift-fca5ebf180865b4bba2dc1971ca7c113'  itemscope=\"itemscope\" itemprop=\"mainEntity\" itemtype=\"https:\/\/schema.org\/Question\" ><div role=\"tablist\" class=\"single_toggle\" data-tags=\"{Tout} \"  ><p data-fake-id='#toggle-id-8' class='toggler   '  itemprop=\"name\"  role='tab' tabindex='0' aria-controls='toggle-id-8'>Y a-t-il un espace bien-\u00eatre ?<span class=\"toggle_icon\"><span class=\"vert_icon\"><\/span><span class=\"hor_icon\"><\/span><\/span><\/p><div id='toggle-id-8' class='toggle_wrap  '   itemscope=\"itemscope\" itemprop=\"acceptedAnswer\" itemtype=\"https:\/\/schema.org\/Answer\" ><div class='toggle_content invers-color '  itemprop=\"text\" ><p>Un petit sauna finlandais se trouve dans le b\u00e2timent annexe. \u00c0 l\u2019int\u00e9rieur de la maison, un studio de yoga propose des cours r\u00e9guliers. Des massages peuvent \u00e9galement \u00eatre r\u00e9serv\u00e9s sur demande \u2013 parfait pour se d\u00e9tendre apr\u00e8s une journ\u00e9e en pleine nature.<\/p>\n<\/div><\/div><\/div><\/section>\n<section class='av_toggle_section av-qrzcp-062735afbafbb31aa66de6d4bb9bef35'  itemscope=\"itemscope\" itemprop=\"mainEntity\" itemtype=\"https:\/\/schema.org\/Question\" ><div role=\"tablist\" class=\"single_toggle\" data-tags=\"{Tout} \"  ><p data-fake-id='#toggle-id-9' class='toggler   '  itemprop=\"name\"  role='tab' tabindex='0' aria-controls='toggle-id-9'>Les animaux sont-ils autoris\u00e9s ?<span class=\"toggle_icon\"><span class=\"vert_icon\"><\/span><span class=\"hor_icon\"><\/span><\/span><\/p><div id='toggle-id-9' class='toggle_wrap  '   itemscope=\"itemscope\" itemprop=\"acceptedAnswer\" itemtype=\"https:\/\/schema.org\/Answer\" ><div class='toggle_content invers-color '  itemprop=\"text\" ><p>Sur demande, les chiens bien \u00e9duqu\u00e9s sont accept\u00e9s hors haute saison dans l\u2019une des grandes chambres doubles (chambre 3). Merci de nous contacter au pr\u00e9alable.<\/p>\n<\/div><\/div><\/div><\/section>\n<section class='av_toggle_section av-64xfq1-7721e550fd5b6c9b227280564c9fa089'  itemscope=\"itemscope\" itemprop=\"mainEntity\" itemtype=\"https:\/\/schema.org\/Question\" ><div role=\"tablist\" class=\"single_toggle\" data-tags=\"{Tout} \"  ><p data-fake-id='#toggle-id-10' class='toggler   '  itemprop=\"name\"  role='tab' tabindex='0' aria-controls='toggle-id-10'>Est-il permis de fumer ?<span class=\"toggle_icon\"><span class=\"vert_icon\"><\/span><span class=\"hor_icon\"><\/span><\/span><\/p><div id='toggle-id-10' class='toggle_wrap  '   itemscope=\"itemscope\" itemprop=\"acceptedAnswer\" itemtype=\"https:\/\/schema.org\/Answer\" ><div class='toggle_content invers-color '  itemprop=\"text\" ><div class=\"col-xs-12 col-sm-12 col-md-12 col-lg-12\">\n<div class=\"einleitung\">\n<p>Non. La Berglodge Goms est un h\u00f4tel non-fumeur. Pour des raisons de s\u00e9curit\u00e9, il est interdit de fumer ainsi que d\u2019allumer des bougies ou autres objets similaires dans tout l\u2019\u00e9tablissement et sur les balcons.<\/p>\n<\/div>\n<div class=\"einleitung\"><\/div>\n<\/div>\n<\/div><\/div><\/div><\/section>\n<section class='av_toggle_section av-4jdgo9-19106cd7dd27a310f3da0558e10e22c2'  itemscope=\"itemscope\" itemprop=\"mainEntity\" itemtype=\"https:\/\/schema.org\/Question\" ><div role=\"tablist\" class=\"single_toggle\" data-tags=\"{Tout} \"  ><p data-fake-id='#toggle-id-11' class='toggler   '  itemprop=\"name\"  role='tab' tabindex='0' aria-controls='toggle-id-11'>Quelles activit\u00e9s sont propos\u00e9es dans les environs ?<span class=\"toggle_icon\"><span class=\"vert_icon\"><\/span><span class=\"hor_icon\"><\/span><\/span><\/p><div id='toggle-id-11' class='toggle_wrap  '   itemscope=\"itemscope\" itemprop=\"acceptedAnswer\" itemtype=\"https:\/\/schema.org\/Answer\" ><div class='toggle_content invers-color '  itemprop=\"text\" ><p>En hiver, plus de 100 km de pistes de ski de fond, des itin\u00e9raires de raquettes, des chemins de randonn\u00e9e hivernale et des parcours de ski de randonn\u00e9e sont accessibles.<br data-start=\"6948\" data-end=\"6951\" \/>Au printemps, en \u00e9t\u00e9 et en automne, de nombreux itin\u00e9raires de randonn\u00e9e et de VTT, des cours de yoga \u00e0 l\u2019h\u00f4tel ainsi que le plus long parcours de golf 9 trous de Suisse sont disponibles \u2013 juste devant la porte.<\/p>\n<\/div><\/div><\/div><\/section>\n<section class='av_toggle_section av-2hks8p-f397216c39daf58e98c5ef4426ea5e0d'  itemscope=\"itemscope\" itemprop=\"mainEntity\" itemtype=\"https:\/\/schema.org\/Question\" ><div role=\"tablist\" class=\"single_toggle\" data-tags=\"{Tout} \"  ><p data-fake-id='#toggle-id-12' class='toggler   '  itemprop=\"name\"  role='tab' tabindex='0' aria-controls='toggle-id-12'>Quelle est la durabilit\u00e9 de l\u2019approvisionnement \u00e9nerg\u00e9tique ?<span class=\"toggle_icon\"><span class=\"vert_icon\"><\/span><span class=\"hor_icon\"><\/span><\/span><\/p><div id='toggle-id-12' class='toggle_wrap  '   itemscope=\"itemscope\" itemprop=\"acceptedAnswer\" itemtype=\"https:\/\/schema.org\/Answer\" ><div class='toggle_content invers-color '  itemprop=\"text\" ><p>La Berglodge Goms couvre jusqu\u2019\u00e0 80 % de ses besoins en \u00e9lectricit\u00e9 gr\u00e2ce \u00e0 sa propre installation photovolta\u00efque, utilise exclusivement des \u00e9nergies renouvelables et mise fortement sur des processus \u00e9conomes en ressources \u2013 de l\u2019approvisionnement au nettoyage, jusqu\u2019\u00e0 la cuisine.<\/p>\n<\/div><\/div><\/div><\/section>\n<\/div>\n<\/div><\/div><\/div>\n","protected":false},"excerpt":{"rendered":"","protected":false},"author":3,"featured_media":0,"parent":0,"menu_order":10,"comment_status":"closed","ping_status":"closed","template":"","meta":{"footnotes":""},"class_list":["post-5545","page","type-page","status-publish","hentry"],"yoast_head":"<!-- This site is optimized with the Yoast SEO plugin v27.4 - https:\/\/yoast.com\/product\/yoast-seo-wordpress\/ -->\n<title>FAQ - Berglodge Goms<\/title>\n<meta name=\"robots\" content=\"index, follow, max-snippet:-1, max-image-preview:large, max-video-preview:-1\" \/>\n<link rel=\"canonical\" href=\"https:\/\/berglodgegoms.ch\/fr\/faq\/\" \/>\n<meta property=\"og:locale\" content=\"fr_FR\" \/>\n<meta property=\"og:type\" content=\"article\" \/>\n<meta property=\"og:title\" content=\"FAQ - Berglodge Goms\" \/>\n<meta property=\"og:url\" content=\"https:\/\/berglodgegoms.ch\/fr\/faq\/\" \/>\n<meta property=\"og:site_name\" content=\"Berglodge Goms\" \/>\n<meta property=\"article:publisher\" content=\"https:\/\/www.facebook.com\/berglodgegoms\" \/>\n<meta property=\"article:modified_time\" content=\"2026-02-03T09:43:03+00:00\" \/>\n<meta name=\"twitter:card\" content=\"summary_large_image\" \/>\n<meta name=\"twitter:label1\" content=\"Dur\u00e9e de lecture estim\u00e9e\" \/>\n\t<meta name=\"twitter:data1\" content=\"3 minutes\" \/>\n<script type=\"application\/ld+json\" class=\"yoast-schema-graph\">{\"@context\":\"https:\\\/\\\/schema.org\",\"@graph\":[{\"@type\":\"WebPage\",\"@id\":\"https:\\\/\\\/berglodgegoms.ch\\\/fr\\\/faq\\\/\",\"url\":\"https:\\\/\\\/berglodgegoms.ch\\\/fr\\\/faq\\\/\",\"name\":\"FAQ - Berglodge Goms\",\"isPartOf\":{\"@id\":\"https:\\\/\\\/berglodgegoms.ch\\\/fr\\\/#website\"},\"datePublished\":\"2022-12-07T15:25:27+00:00\",\"dateModified\":\"2026-02-03T09:43:03+00:00\",\"breadcrumb\":{\"@id\":\"https:\\\/\\\/berglodgegoms.ch\\\/fr\\\/faq\\\/#breadcrumb\"},\"inLanguage\":\"fr-FR\",\"potentialAction\":[{\"@type\":\"ReadAction\",\"target\":[\"https:\\\/\\\/berglodgegoms.ch\\\/fr\\\/faq\\\/\"]}]},{\"@type\":\"BreadcrumbList\",\"@id\":\"https:\\\/\\\/berglodgegoms.ch\\\/fr\\\/faq\\\/#breadcrumb\",\"itemListElement\":[{\"@type\":\"ListItem\",\"position\":1,\"name\":\"Home\",\"item\":\"https:\\\/\\\/berglodgegoms.ch\\\/fr\\\/le-refuge-de-montagne-en-valais\\\/\"},{\"@type\":\"ListItem\",\"position\":2,\"name\":\"FAQ\"}]},{\"@type\":\"WebSite\",\"@id\":\"https:\\\/\\\/berglodgegoms.ch\\\/fr\\\/#website\",\"url\":\"https:\\\/\\\/berglodgegoms.ch\\\/fr\\\/\",\"name\":\"Berglodge Goms\",\"description\":\"Hotel in M\u00fcnster - Goms - Wallis - Yoga - Langlauf\",\"publisher\":{\"@id\":\"https:\\\/\\\/berglodgegoms.ch\\\/fr\\\/#organization\"},\"potentialAction\":[{\"@type\":\"SearchAction\",\"target\":{\"@type\":\"EntryPoint\",\"urlTemplate\":\"https:\\\/\\\/berglodgegoms.ch\\\/fr\\\/?s={search_term_string}\"},\"query-input\":{\"@type\":\"PropertyValueSpecification\",\"valueRequired\":true,\"valueName\":\"search_term_string\"}}],\"inLanguage\":\"fr-FR\"},{\"@type\":\"Organization\",\"@id\":\"https:\\\/\\\/berglodgegoms.ch\\\/fr\\\/#organization\",\"name\":\"Berglodge Goms\",\"url\":\"https:\\\/\\\/berglodgegoms.ch\\\/fr\\\/\",\"logo\":{\"@type\":\"ImageObject\",\"inLanguage\":\"fr-FR\",\"@id\":\"https:\\\/\\\/berglodgegoms.ch\\\/fr\\\/#\\\/schema\\\/logo\\\/image\\\/\",\"url\":\"https:\\\/\\\/berglodgegoms.ch\\\/wp-content\\\/uploads\\\/berglodgegoms196.jpg\",\"contentUrl\":\"https:\\\/\\\/berglodgegoms.ch\\\/wp-content\\\/uploads\\\/berglodgegoms196.jpg\",\"width\":1646,\"height\":1339,\"caption\":\"Berglodge Goms\"},\"image\":{\"@id\":\"https:\\\/\\\/berglodgegoms.ch\\\/fr\\\/#\\\/schema\\\/logo\\\/image\\\/\"},\"sameAs\":[\"https:\\\/\\\/www.facebook.com\\\/berglodgegoms\",\"https:\\\/\\\/www.instagram.com\\\/berglodgegoms\\\/\"]}]}<\/script>\n<!-- \/ Yoast SEO plugin. -->","yoast_head_json":{"title":"FAQ - Berglodge Goms","robots":{"index":"index","follow":"follow","max-snippet":"max-snippet:-1","max-image-preview":"max-image-preview:large","max-video-preview":"max-video-preview:-1"},"canonical":"https:\/\/berglodgegoms.ch\/fr\/faq\/","og_locale":"fr_FR","og_type":"article","og_title":"FAQ - Berglodge Goms","og_url":"https:\/\/berglodgegoms.ch\/fr\/faq\/","og_site_name":"Berglodge Goms","article_publisher":"https:\/\/www.facebook.com\/berglodgegoms","article_modified_time":"2026-02-03T09:43:03+00:00","twitter_card":"summary_large_image","twitter_misc":{"Dur\u00e9e de lecture estim\u00e9e":"3 minutes"},"schema":{"@context":"https:\/\/schema.org","@graph":[{"@type":"WebPage","@id":"https:\/\/berglodgegoms.ch\/fr\/faq\/","url":"https:\/\/berglodgegoms.ch\/fr\/faq\/","name":"FAQ - Berglodge Goms","isPartOf":{"@id":"https:\/\/berglodgegoms.ch\/fr\/#website"},"datePublished":"2022-12-07T15:25:27+00:00","dateModified":"2026-02-03T09:43:03+00:00","breadcrumb":{"@id":"https:\/\/berglodgegoms.ch\/fr\/faq\/#breadcrumb"},"inLanguage":"fr-FR","potentialAction":[{"@type":"ReadAction","target":["https:\/\/berglodgegoms.ch\/fr\/faq\/"]}]},{"@type":"BreadcrumbList","@id":"https:\/\/berglodgegoms.ch\/fr\/faq\/#breadcrumb","itemListElement":[{"@type":"ListItem","position":1,"name":"Home","item":"https:\/\/berglodgegoms.ch\/fr\/le-refuge-de-montagne-en-valais\/"},{"@type":"ListItem","position":2,"name":"FAQ"}]},{"@type":"WebSite","@id":"https:\/\/berglodgegoms.ch\/fr\/#website","url":"https:\/\/berglodgegoms.ch\/fr\/","name":"Berglodge Goms","description":"Hotel in M\u00fcnster - Goms - Wallis - Yoga - Langlauf","publisher":{"@id":"https:\/\/berglodgegoms.ch\/fr\/#organization"},"potentialAction":[{"@type":"SearchAction","target":{"@type":"EntryPoint","urlTemplate":"https:\/\/berglodgegoms.ch\/fr\/?s={search_term_string}"},"query-input":{"@type":"PropertyValueSpecification","valueRequired":true,"valueName":"search_term_string"}}],"inLanguage":"fr-FR"},{"@type":"Organization","@id":"https:\/\/berglodgegoms.ch\/fr\/#organization","name":"Berglodge Goms","url":"https:\/\/berglodgegoms.ch\/fr\/","logo":{"@type":"ImageObject","inLanguage":"fr-FR","@id":"https:\/\/berglodgegoms.ch\/fr\/#\/schema\/logo\/image\/","url":"https:\/\/berglodgegoms.ch\/wp-content\/uploads\/berglodgegoms196.jpg","contentUrl":"https:\/\/berglodgegoms.ch\/wp-content\/uploads\/berglodgegoms196.jpg","width":1646,"height":1339,"caption":"Berglodge Goms"},"image":{"@id":"https:\/\/berglodgegoms.ch\/fr\/#\/schema\/logo\/image\/"},"sameAs":["https:\/\/www.facebook.com\/berglodgegoms","https:\/\/www.instagram.com\/berglodgegoms\/"]}]}},"_links":{"self":[{"href":"https:\/\/berglodgegoms.ch\/fr\/wp-json\/wp\/v2\/pages\/5545","targetHints":{"allow":["GET"]}}],"collection":[{"href":"https:\/\/berglodgegoms.ch\/fr\/wp-json\/wp\/v2\/pages"}],"about":[{"href":"https:\/\/berglodgegoms.ch\/fr\/wp-json\/wp\/v2\/types\/page"}],"author":[{"embeddable":true,"href":"https:\/\/berglodgegoms.ch\/fr\/wp-json\/wp\/v2\/users\/3"}],"replies":[{"embeddable":true,"href":"https:\/\/berglodgegoms.ch\/fr\/wp-json\/wp\/v2\/comments?post=5545"}],"version-history":[{"count":9,"href":"https:\/\/berglodgegoms.ch\/fr\/wp-json\/wp\/v2\/pages\/5545\/revisions"}],"predecessor-version":[{"id":8093,"href":"https:\/\/berglodgegoms.ch\/fr\/wp-json\/wp\/v2\/pages\/5545\/revisions\/8093"}],"wp:attachment":[{"href":"https:\/\/berglodgegoms.ch\/fr\/wp-json\/wp\/v2\/media?parent=5545"}],"curies":[{"name":"wp","href":"https:\/\/api.w.org\/{rel}","templated":true}]}}